{"id":11022,"date":"2015-12-18T15:36:19","date_gmt":"2015-12-18T14:36:19","guid":{"rendered":"https:\/\/www.substrate-ev.org\/growing-media-constituents\/drainageschichtstoffe\/"},"modified":"2023-01-18T10:09:42","modified_gmt":"2023-01-18T09:09:42","slug":"granular-drainage-material","status":"publish","type":"page","link":"https:\/\/www.substrate-ev.org\/en\/criteria\/growing-media-constituents\/granular-drainage-material\/","title":{"rendered":"granular drainage material"},"content":{"rendered":"<p><div class=\"fusion-fullwidth fullwidth-box fusion-builder-row-1 fusion-flex-container has-pattern-background has-mask-background nonhundred-percent-fullwidth non-hundred-percent-height-scrolling\" style=\"--awb-border-radius-top-left:0px;--awb-border-radius-top-right:0px;--awb-border-radius-bottom-right:0px;--awb-border-radius-bottom-left:0px;--awb-flex-wrap:wrap;\" ><div class=\"fusion-builder-row fusion-row fusion-flex-align-items-flex-start fusion-flex-content-wrap\" style=\"max-width:1248px;margin-left: calc(-4% \/ 2 );margin-right: calc(-4% \/ 2 );\"><div class=\"fusion-layout-column fusion_builder_column fusion-builder-column-0 fusion_builder_column_1_1 1_1 fusion-flex-column\" style=\"--awb-bg-size:cover;--awb-width-large:100%;--awb-margin-top-large:0px;--awb-spacing-right-large:1.92%;--awb-margin-bottom-large:20px;--awb-spacing-left-large:1.92%;--awb-width-medium:100%;--awb-order-medium:0;--awb-spacing-right-medium:1.92%;--awb-spacing-left-medium:1.92%;--awb-width-small:100%;--awb-order-small:0;--awb-spacing-right-small:1.92%;--awb-spacing-left-small:1.92%;\"><div class=\"fusion-column-wrapper fusion-column-has-shadow fusion-flex-justify-content-flex-start fusion-content-layout-column\"><div class=\"fusion-title title fusion-title-1 fusion-sep-none fusion-title-text fusion-title-size-one\" style=\"--awb-margin-top-small:10px;--awb-margin-right-small:0px;--awb-margin-bottom-small:10px;--awb-margin-left-small:0px;\"><h1 class=\"fusion-title-heading title-heading-left fusion-responsive-typography-calculated\" style=\"margin:0;--fontSize:50;line-height:var(--awb-typography1-line-height);\"><p id=\"mainContent\">Quality criteria \u2013 Substrates for green roofs<\/p><\/h1><\/div><\/div><\/div><\/div><\/div><div class=\"fusion-fullwidth fullwidth-box fusion-builder-row-2 fusion-flex-container nonhundred-percent-fullwidth non-hundred-percent-height-scrolling\" style=\"--awb-border-radius-top-left:0px;--awb-border-radius-top-right:0px;--awb-border-radius-bottom-right:0px;--awb-border-radius-bottom-left:0px;--awb-flex-wrap:wrap;\" ><div class=\"fusion-builder-row fusion-row fusion-flex-align-items-flex-start fusion-flex-content-wrap\" style=\"max-width:1248px;margin-left: calc(-4% \/ 2 );margin-right: calc(-4% \/ 2 );\"><div class=\"fusion-layout-column fusion_builder_column fusion-builder-column-1 fusion_builder_column_3_5 3_5 fusion-flex-column\" style=\"--awb-bg-size:cover;--awb-width-large:60%;--awb-margin-top-large:0px;--awb-spacing-right-large:3.2%;--awb-margin-bottom-large:0px;--awb-spacing-left-large:3.2%;--awb-width-medium:60%;--awb-spacing-right-medium:3.2%;--awb-spacing-left-medium:3.2%;--awb-width-small:100%;--awb-spacing-right-small:1.92%;--awb-spacing-left-small:1.92%;\"><div class=\"fusion-column-wrapper fusion-flex-justify-content-flex-start fusion-content-layout-column\"><div class=\"fusion-title title fusion-title-2 fusion-sep-none fusion-title-text fusion-title-size-two\" style=\"--awb-margin-top-small:10px;--awb-margin-right-small:0px;--awb-margin-bottom-small:10px;--awb-margin-left-small:0px;\"><h2 class=\"fusion-title-heading title-heading-left fusion-responsive-typography-calculated\" style=\"margin:0;--fontSize:35;line-height:var(--awb-typography1-line-height);\">RAL-certified granular drainage material<\/h2><\/div><div class=\"fusion-text fusion-text-1\"><p>Granular drainage material is defined as mixtures of graded, purely mineral-based material that absorbs excess water from the vegetation support layer and drains it into the guttering. The material can store water to a limited extent and allow roots to grow through it. G\u00fctegemeinschaft f\u00fcr Substrate und Pflanzen e.V. inspects the material to assure quality.<\/p>\n<\/div><\/div><\/div><div class=\"fusion-layout-column fusion_builder_column fusion-builder-column-2 fusion_builder_column_2_5 2_5 fusion-flex-column\" style=\"--awb-bg-size:cover;--awb-width-large:40%;--awb-margin-top-large:0px;--awb-spacing-right-large:4.8%;--awb-margin-bottom-large:20px;--awb-spacing-left-large:3.84%;--awb-width-medium:40%;--awb-order-medium:0;--awb-spacing-right-medium:4.8%;--awb-spacing-left-medium:3.84%;--awb-width-small:100%;--awb-order-small:0;--awb-spacing-right-small:1.92%;--awb-spacing-left-small:1.92%;\"><div class=\"fusion-column-wrapper fusion-column-has-shadow fusion-flex-justify-content-flex-start fusion-content-layout-column\"><div class=\"fusion-title title fusion-title-3 fusion-sep-none fusion-title-text fusion-title-size-three\" style=\"--awb-margin-top-small:10px;--awb-margin-right-small:0px;--awb-margin-bottom-small:10px;--awb-margin-left-small:0px;\"><h3 class=\"fusion-title-heading title-heading-left fusion-responsive-typography-calculated\" style=\"margin:0;--fontSize:25;--minFontSize:25;line-height:var(--awb-typography1-line-height);\">Download quality criteria substrates for green roofs<\/h3><\/div><div class=\"accordian fusion-accordian\" style=\"--awb-border-size:1px;--awb-icon-size:16px;--awb-content-font-size:var(--awb-typography4-font-size);--awb-icon-alignment:left;--awb-hover-color:var(--awb-color2);--awb-border-color:var(--awb-color3);--awb-background-color:var(--awb-color1);--awb-divider-color:var(--awb-color3);--awb-divider-hover-color:var(--awb-color3);--awb-icon-color:var(--awb-color5);--awb-title-color:var(--awb-color1);--awb-content-color:var(--awb-color1);--awb-icon-box-color:var(--awb-color3);--awb-toggle-hover-accent-color:var(--awb-color2);--awb-title-font-family:var(--awb-typography1-font-family);--awb-title-font-weight:var(--awb-typography1-font-weight);--awb-title-font-style:var(--awb-typography1-font-style);--awb-title-font-size:24px;--awb-title-letter-spacing:var(--awb-typography1-letter-spacing);--awb-title-line-height:var(--awb-typography1-line-height);--awb-content-font-family:var(--awb-typography4-font-family);--awb-content-font-weight:var(--awb-typography4-font-weight);--awb-content-font-style:var(--awb-typography4-font-style);\"><div class=\"panel-group fusion-toggle-icon-boxed\" id=\"accordion-11022-1\"><div class=\"fusion-panel panel-default panel-26fb911fd5009a8fe fusion-toggle-has-divider\" style=\"--awb-title-color:var(--awb-color1);--awb-content-color:var(--awb-color1);\"><div class=\"panel-heading\"><h4 class=\"panel-title toggle\" id=\"toggle_26fb911fd5009a8fe\"><a aria-expanded=\"false\" aria-controls=\"26fb911fd5009a8fe\" role=\"button\" data-toggle=\"collapse\" data-target=\"#26fb911fd5009a8fe\" href=\"#26fb911fd5009a8fe\"><span class=\"fusion-toggle-icon-wrapper\" aria-hidden=\"true\"><i class=\"fa-fusion-box active-icon awb-icon-minus\" aria-hidden=\"true\"><\/i><i class=\"fa-fusion-box inactive-icon awb-icon-plus\" aria-hidden=\"true\"><\/i><\/span><span class=\"fusion-toggle-heading\">Information for download<\/span><\/a><\/h4><\/div><div id=\"26fb911fd5009a8fe\" class=\"panel-collapse collapse \" aria-labelledby=\"toggle_26fb911fd5009a8fe\"><div class=\"panel-body toggle-content fusion-clearfix\">\n<ul>\n<li><a href=\"https:\/\/www.substrate-ev.org\/wp-content\/uploads\/2016\/01\/Quality_green-roof_drainage_e.pdf\" target=\"_blank\" rel=\"noopener\">QUALITY PARAMETERS FOR\u00a0AGGREGATETYPE MATERIALS\u00a0FOR DRAINAGE COURSE (RAL-GZ 250\/6-5)<\/a><\/li>\n<\/ul>\n<\/div><\/div><\/div><\/div><\/div><\/div><\/div><\/div><\/div><\/p>\n","protected":false},"excerpt":{"rendered":"","protected":false},"author":2,"featured_media":11408,"parent":10927,"menu_order":0,"comment_status":"closed","ping_status":"closed","template":"","meta":{"_acf_changed":false,"om_disable_all_campaigns":false,"_monsterinsights_skip_tracking":false,"_monsterinsights_sitenote_active":false,"_monsterinsights_sitenote_note":"","_monsterinsights_sitenote_category":0,"footnotes":""},"class_list":["post-11022","page","type-page","status-publish","has-post-thumbnail","hentry"],"acf":[],"yoast_head":"<!-- This site is optimized with the Yoast SEO plugin v27.4 - https:\/\/yoast.com\/product\/yoast-seo-wordpress\/ -->\n<title>RAL-certified granular drainage material - ggs<\/title>\n<meta name=\"description\" content=\"RAL g\u00fctegesicherte Drainagesch\u00fcttstoffe sind durch die\u00a0 RAL G\u00fctegemeinschaft Substrate f\u00fcr Pflanzen e.V. . gepr\u00fcfte rein mineralische Gemische.\" \/>\n<meta name=\"robots\" content=\"index, follow, max-snippet:-1, max-image-preview:large, max-video-preview:-1\" \/>\n<link rel=\"canonical\" href=\"https:\/\/www.substrate-ev.org\/en\/criteria\/growing-media-constituents\/granular-drainage-material\/\" \/>\n<meta property=\"og:locale\" content=\"en_US\" \/>\n<meta property=\"og:type\" content=\"article\" \/>\n<meta property=\"og:title\" content=\"RAL-certified granular drainage material - ggs\" \/>\n<meta property=\"og:description\" content=\"RAL g\u00fctegesicherte Drainagesch\u00fcttstoffe sind durch die\u00a0 RAL G\u00fctegemeinschaft Substrate f\u00fcr Pflanzen e.V. . gepr\u00fcfte rein mineralische Gemische.\" \/>\n<meta property=\"og:url\" content=\"https:\/\/www.substrate-ev.org\/en\/criteria\/growing-media-constituents\/granular-drainage-material\/\" \/>\n<meta property=\"og:site_name\" content=\"GGS\" \/>\n<meta property=\"article:modified_time\" content=\"2023-01-18T09:09:42+00:00\" \/>\n<meta property=\"og:image\" content=\"https:\/\/www.substrate-ev.org\/wp-content\/uploads\/2023\/01\/guetekriterien-fuer-dachsubstrate-draenschichtschuettstoffe.jpg\" \/>\n\t<meta property=\"og:image:width\" content=\"1276\" \/>\n\t<meta property=\"og:image:height\" content=\"598\" \/>\n\t<meta property=\"og:image:type\" content=\"image\/jpeg\" \/>\n<meta name=\"twitter:card\" content=\"summary_large_image\" \/>\n<meta name=\"twitter:label1\" content=\"Est. reading time\" \/>\n\t<meta name=\"twitter:data1\" content=\"5 minutes\" \/>\n<script type=\"application\/ld+json\" class=\"yoast-schema-graph\">{\"@context\":\"https:\\\/\\\/schema.org\",\"@graph\":[{\"@type\":\"WebPage\",\"@id\":\"https:\\\/\\\/www.substrate-ev.org\\\/en\\\/criteria\\\/growing-media-constituents\\\/granular-drainage-material\\\/\",\"url\":\"https:\\\/\\\/www.substrate-ev.org\\\/en\\\/criteria\\\/growing-media-constituents\\\/granular-drainage-material\\\/\",\"name\":\"RAL-certified granular drainage material - ggs\",\"isPartOf\":{\"@id\":\"https:\\\/\\\/www.substrate-ev.org\\\/en\\\/#website\"},\"primaryImageOfPage\":{\"@id\":\"https:\\\/\\\/www.substrate-ev.org\\\/en\\\/criteria\\\/growing-media-constituents\\\/granular-drainage-material\\\/#primaryimage\"},\"image\":{\"@id\":\"https:\\\/\\\/www.substrate-ev.org\\\/en\\\/criteria\\\/growing-media-constituents\\\/granular-drainage-material\\\/#primaryimage\"},\"thumbnailUrl\":\"https:\\\/\\\/www.substrate-ev.org\\\/wp-content\\\/uploads\\\/2023\\\/01\\\/guetekriterien-fuer-dachsubstrate-draenschichtschuettstoffe.jpg\",\"datePublished\":\"2015-12-18T14:36:19+00:00\",\"dateModified\":\"2023-01-18T09:09:42+00:00\",\"description\":\"RAL g\u00fctegesicherte Drainagesch\u00fcttstoffe sind durch die\u00a0 RAL G\u00fctegemeinschaft Substrate f\u00fcr Pflanzen e.V. . gepr\u00fcfte rein mineralische Gemische.\",\"breadcrumb\":{\"@id\":\"https:\\\/\\\/www.substrate-ev.org\\\/en\\\/criteria\\\/growing-media-constituents\\\/granular-drainage-material\\\/#breadcrumb\"},\"inLanguage\":\"en-US\",\"potentialAction\":[{\"@type\":\"ReadAction\",\"target\":[\"https:\\\/\\\/www.substrate-ev.org\\\/en\\\/criteria\\\/growing-media-constituents\\\/granular-drainage-material\\\/\"]}]},{\"@type\":\"ImageObject\",\"inLanguage\":\"en-US\",\"@id\":\"https:\\\/\\\/www.substrate-ev.org\\\/en\\\/criteria\\\/growing-media-constituents\\\/granular-drainage-material\\\/#primaryimage\",\"url\":\"https:\\\/\\\/www.substrate-ev.org\\\/wp-content\\\/uploads\\\/2023\\\/01\\\/guetekriterien-fuer-dachsubstrate-draenschichtschuettstoffe.jpg\",\"contentUrl\":\"https:\\\/\\\/www.substrate-ev.org\\\/wp-content\\\/uploads\\\/2023\\\/01\\\/guetekriterien-fuer-dachsubstrate-draenschichtschuettstoffe.jpg\",\"width\":1276,\"height\":598},{\"@type\":\"BreadcrumbList\",\"@id\":\"https:\\\/\\\/www.substrate-ev.org\\\/en\\\/criteria\\\/growing-media-constituents\\\/granular-drainage-material\\\/#breadcrumb\",\"itemListElement\":[{\"@type\":\"ListItem\",\"position\":1,\"name\":\"Criteria\",\"item\":\"https:\\\/\\\/www.substrate-ev.org\\\/en\\\/criteria\\\/\"},{\"@type\":\"ListItem\",\"position\":2,\"name\":\"Growing media constituents\",\"item\":\"https:\\\/\\\/www.substrate-ev.org\\\/en\\\/criteria\\\/growing-media-constituents\\\/\"},{\"@type\":\"ListItem\",\"position\":3,\"name\":\"granular drainage material\"}]},{\"@type\":\"WebSite\",\"@id\":\"https:\\\/\\\/www.substrate-ev.org\\\/en\\\/#website\",\"url\":\"https:\\\/\\\/www.substrate-ev.org\\\/en\\\/\",\"name\":\"GGS\",\"description\":\"RAL G\u00fctegemeinschaft Substrate f\u00fcr Pflanzen e.V.\",\"potentialAction\":[{\"@type\":\"SearchAction\",\"target\":{\"@type\":\"EntryPoint\",\"urlTemplate\":\"https:\\\/\\\/www.substrate-ev.org\\\/en\\\/?s={search_term_string}\"},\"query-input\":{\"@type\":\"PropertyValueSpecification\",\"valueRequired\":true,\"valueName\":\"search_term_string\"}}],\"inLanguage\":\"en-US\"}]}<\/script>\n<!-- \/ Yoast SEO plugin. -->","yoast_head_json":{"title":"RAL-certified granular drainage material - ggs","description":"RAL g\u00fctegesicherte Drainagesch\u00fcttstoffe sind durch die\u00a0 RAL G\u00fctegemeinschaft Substrate f\u00fcr Pflanzen e.V. . gepr\u00fcfte rein mineralische Gemische.","robots":{"index":"index","follow":"follow","max-snippet":"max-snippet:-1","max-image-preview":"max-image-preview:large","max-video-preview":"max-video-preview:-1"},"canonical":"https:\/\/www.substrate-ev.org\/en\/criteria\/growing-media-constituents\/granular-drainage-material\/","og_locale":"en_US","og_type":"article","og_title":"RAL-certified granular drainage material - ggs","og_description":"RAL g\u00fctegesicherte Drainagesch\u00fcttstoffe sind durch die\u00a0 RAL G\u00fctegemeinschaft Substrate f\u00fcr Pflanzen e.V. . gepr\u00fcfte rein mineralische Gemische.","og_url":"https:\/\/www.substrate-ev.org\/en\/criteria\/growing-media-constituents\/granular-drainage-material\/","og_site_name":"GGS","article_modified_time":"2023-01-18T09:09:42+00:00","og_image":[{"width":1276,"height":598,"url":"https:\/\/www.substrate-ev.org\/wp-content\/uploads\/2023\/01\/guetekriterien-fuer-dachsubstrate-draenschichtschuettstoffe.jpg","type":"image\/jpeg"}],"twitter_card":"summary_large_image","twitter_misc":{"Est. reading time":"5 minutes"},"schema":{"@context":"https:\/\/schema.org","@graph":[{"@type":"WebPage","@id":"https:\/\/www.substrate-ev.org\/en\/criteria\/growing-media-constituents\/granular-drainage-material\/","url":"https:\/\/www.substrate-ev.org\/en\/criteria\/growing-media-constituents\/granular-drainage-material\/","name":"RAL-certified granular drainage material - ggs","isPartOf":{"@id":"https:\/\/www.substrate-ev.org\/en\/#website"},"primaryImageOfPage":{"@id":"https:\/\/www.substrate-ev.org\/en\/criteria\/growing-media-constituents\/granular-drainage-material\/#primaryimage"},"image":{"@id":"https:\/\/www.substrate-ev.org\/en\/criteria\/growing-media-constituents\/granular-drainage-material\/#primaryimage"},"thumbnailUrl":"https:\/\/www.substrate-ev.org\/wp-content\/uploads\/2023\/01\/guetekriterien-fuer-dachsubstrate-draenschichtschuettstoffe.jpg","datePublished":"2015-12-18T14:36:19+00:00","dateModified":"2023-01-18T09:09:42+00:00","description":"RAL g\u00fctegesicherte Drainagesch\u00fcttstoffe sind durch die\u00a0 RAL G\u00fctegemeinschaft Substrate f\u00fcr Pflanzen e.V. . gepr\u00fcfte rein mineralische Gemische.","breadcrumb":{"@id":"https:\/\/www.substrate-ev.org\/en\/criteria\/growing-media-constituents\/granular-drainage-material\/#breadcrumb"},"inLanguage":"en-US","potentialAction":[{"@type":"ReadAction","target":["https:\/\/www.substrate-ev.org\/en\/criteria\/growing-media-constituents\/granular-drainage-material\/"]}]},{"@type":"ImageObject","inLanguage":"en-US","@id":"https:\/\/www.substrate-ev.org\/en\/criteria\/growing-media-constituents\/granular-drainage-material\/#primaryimage","url":"https:\/\/www.substrate-ev.org\/wp-content\/uploads\/2023\/01\/guetekriterien-fuer-dachsubstrate-draenschichtschuettstoffe.jpg","contentUrl":"https:\/\/www.substrate-ev.org\/wp-content\/uploads\/2023\/01\/guetekriterien-fuer-dachsubstrate-draenschichtschuettstoffe.jpg","width":1276,"height":598},{"@type":"BreadcrumbList","@id":"https:\/\/www.substrate-ev.org\/en\/criteria\/growing-media-constituents\/granular-drainage-material\/#breadcrumb","itemListElement":[{"@type":"ListItem","position":1,"name":"Criteria","item":"https:\/\/www.substrate-ev.org\/en\/criteria\/"},{"@type":"ListItem","position":2,"name":"Growing media constituents","item":"https:\/\/www.substrate-ev.org\/en\/criteria\/growing-media-constituents\/"},{"@type":"ListItem","position":3,"name":"granular drainage material"}]},{"@type":"WebSite","@id":"https:\/\/www.substrate-ev.org\/en\/#website","url":"https:\/\/www.substrate-ev.org\/en\/","name":"GGS","description":"RAL G\u00fctegemeinschaft Substrate f\u00fcr Pflanzen e.V.","potentialAction":[{"@type":"SearchAction","target":{"@type":"EntryPoint","urlTemplate":"https:\/\/www.substrate-ev.org\/en\/?s={search_term_string}"},"query-input":{"@type":"PropertyValueSpecification","valueRequired":true,"valueName":"search_term_string"}}],"inLanguage":"en-US"}]}},"_links":{"self":[{"href":"https:\/\/www.substrate-ev.org\/en\/wp-json\/wp\/v2\/pages\/11022","targetHints":{"allow":["GET"]}}],"collection":[{"href":"https:\/\/www.substrate-ev.org\/en\/wp-json\/wp\/v2\/pages"}],"about":[{"href":"https:\/\/www.substrate-ev.org\/en\/wp-json\/wp\/v2\/types\/page"}],"author":[{"embeddable":true,"href":"https:\/\/www.substrate-ev.org\/en\/wp-json\/wp\/v2\/users\/2"}],"replies":[{"embeddable":true,"href":"https:\/\/www.substrate-ev.org\/en\/wp-json\/wp\/v2\/comments?post=11022"}],"version-history":[{"count":0,"href":"https:\/\/www.substrate-ev.org\/en\/wp-json\/wp\/v2\/pages\/11022\/revisions"}],"up":[{"embeddable":true,"href":"https:\/\/www.substrate-ev.org\/en\/wp-json\/wp\/v2\/pages\/10927"}],"wp:featuredmedia":[{"embeddable":true,"href":"https:\/\/www.substrate-ev.org\/en\/wp-json\/wp\/v2\/media\/11408"}],"wp:attachment":[{"href":"https:\/\/www.substrate-ev.org\/en\/wp-json\/wp\/v2\/media?parent=11022"}],"curies":[{"name":"wp","href":"https:\/\/api.w.org\/{rel}","templated":true}]}}