{"id":10951,"date":"2015-12-18T15:33:47","date_gmt":"2015-12-18T14:33:47","guid":{"rendered":"https:\/\/www.substrate-ev.org\/growing-media-constituents\/guetesicherung-perlit\/"},"modified":"2023-01-09T11:46:23","modified_gmt":"2023-01-09T10:46:23","slug":"quality-criteria-perlite","status":"publish","type":"page","link":"https:\/\/www.substrate-ev.org\/en\/criteria\/growing-media-constituents\/quality-criteria-perlite\/","title":{"rendered":"Quality criteria \u2013 Perlite"},"content":{"rendered":"<p><div class=\"fusion-fullwidth fullwidth-box fusion-builder-row-1 fusion-flex-container has-pattern-background has-mask-background nonhundred-percent-fullwidth non-hundred-percent-height-scrolling\" style=\"--awb-border-radius-top-left:0px;--awb-border-radius-top-right:0px;--awb-border-radius-bottom-right:0px;--awb-border-radius-bottom-left:0px;--awb-flex-wrap:wrap;\" ><div class=\"fusion-builder-row fusion-row fusion-flex-align-items-flex-start fusion-flex-content-wrap\" style=\"max-width:1248px;margin-left: calc(-4% \/ 2 );margin-right: calc(-4% \/ 2 );\"><div class=\"fusion-layout-column fusion_builder_column fusion-builder-column-0 fusion_builder_column_1_1 1_1 fusion-flex-column\" style=\"--awb-bg-size:cover;--awb-width-large:100%;--awb-margin-top-large:0px;--awb-spacing-right-large:1.92%;--awb-margin-bottom-large:20px;--awb-spacing-left-large:1.92%;--awb-width-medium:100%;--awb-order-medium:0;--awb-spacing-right-medium:1.92%;--awb-spacing-left-medium:1.92%;--awb-width-small:100%;--awb-order-small:0;--awb-spacing-right-small:1.92%;--awb-spacing-left-small:1.92%;\"><div class=\"fusion-column-wrapper fusion-column-has-shadow fusion-flex-justify-content-flex-start fusion-content-layout-column\"><div class=\"fusion-title title fusion-title-1 fusion-sep-none fusion-title-text fusion-title-size-one\" style=\"--awb-margin-top-small:10px;--awb-margin-right-small:0px;--awb-margin-bottom-small:10px;--awb-margin-left-small:0px;\"><h1 class=\"fusion-title-heading title-heading-left fusion-responsive-typography-calculated\" style=\"margin:0;--fontSize:50;line-height:var(--awb-typography1-line-height);\">Quality criteria \u2013 Perlite<\/h1><\/div><\/div><\/div><\/div><\/div><div class=\"fusion-fullwidth fullwidth-box fusion-builder-row-2 fusion-flex-container nonhundred-percent-fullwidth non-hundred-percent-height-scrolling\" style=\"--awb-border-radius-top-left:0px;--awb-border-radius-top-right:0px;--awb-border-radius-bottom-right:0px;--awb-border-radius-bottom-left:0px;--awb-flex-wrap:wrap;\" ><div class=\"fusion-builder-row fusion-row fusion-flex-align-items-flex-start fusion-flex-content-wrap\" style=\"max-width:1248px;margin-left: calc(-4% \/ 2 );margin-right: calc(-4% \/ 2 );\"><div class=\"fusion-layout-column fusion_builder_column fusion-builder-column-1 fusion_builder_column_3_5 3_5 fusion-flex-column\" style=\"--awb-bg-size:cover;--awb-width-large:60%;--awb-margin-top-large:0px;--awb-spacing-right-large:3.2%;--awb-margin-bottom-large:0px;--awb-spacing-left-large:3.2%;--awb-width-medium:60%;--awb-spacing-right-medium:3.2%;--awb-spacing-left-medium:3.2%;--awb-width-small:100%;--awb-spacing-right-small:1.92%;--awb-spacing-left-small:1.92%;\"><div class=\"fusion-column-wrapper fusion-flex-justify-content-flex-start fusion-content-layout-column\"><div class=\"fusion-title title fusion-title-2 fusion-sep-none fusion-title-text fusion-title-size-two\" style=\"--awb-margin-top-small:10px;--awb-margin-right-small:0px;--awb-margin-bottom-small:10px;--awb-margin-left-small:0px;\"><h2 class=\"fusion-title-heading title-heading-left fusion-responsive-typography-calculated\" style=\"margin:0;--fontSize:35;line-height:var(--awb-typography1-line-height);\">Perlite \u2013 substrate additive, soil improver, additive in substrates for green roofs<\/h2><\/div><div class=\"fusion-text fusion-text-1\"><p>The raw material for perlite production is volcanic silicate rock that cooled down rapidly in sea water after the eruption of underwater volcanos. The Greek island of Milos and Hungary have the most important reserves of perlite in Europe.<\/p>\n<p>The material is crushed, sifted to a defined particle size and heated to approximately 1,000 \u00b0C. At this temperature, the water trapped in the perlite vaporises, expanding the molten glass to 20 times its original size. This expansion produces a light-weight neutral material with closed nuclear pores, open peripheral pores and very good water holding capacity.<\/p>\n<\/div><\/div><\/div><div class=\"fusion-layout-column fusion_builder_column fusion-builder-column-2 fusion_builder_column_2_5 2_5 fusion-flex-column\" style=\"--awb-bg-size:cover;--awb-width-large:40%;--awb-margin-top-large:0px;--awb-spacing-right-large:4.8%;--awb-margin-bottom-large:20px;--awb-spacing-left-large:3.84%;--awb-width-medium:40%;--awb-order-medium:0;--awb-spacing-right-medium:4.8%;--awb-spacing-left-medium:3.84%;--awb-width-small:100%;--awb-order-small:0;--awb-spacing-right-small:1.92%;--awb-spacing-left-small:1.92%;\"><div class=\"fusion-column-wrapper fusion-column-has-shadow fusion-flex-justify-content-flex-start fusion-content-layout-column\"><div class=\"fusion-title title fusion-title-3 fusion-sep-none fusion-title-text fusion-title-size-three\" style=\"--awb-margin-top-small:10px;--awb-margin-right-small:0px;--awb-margin-bottom-small:10px;--awb-margin-left-small:0px;\"><h3 class=\"fusion-title-heading title-heading-left fusion-responsive-typography-calculated\" style=\"margin:0;--fontSize:25;--minFontSize:25;line-height:var(--awb-typography1-line-height);\">Download quality criteria perlite<\/h3><\/div><div class=\"accordian fusion-accordian\" style=\"--awb-border-size:1px;--awb-icon-size:16px;--awb-content-font-size:var(--awb-typography4-font-size);--awb-icon-alignment:left;--awb-hover-color:var(--awb-color2);--awb-border-color:var(--awb-color3);--awb-background-color:var(--awb-color1);--awb-divider-color:var(--awb-color3);--awb-divider-hover-color:var(--awb-color3);--awb-icon-color:var(--awb-color5);--awb-title-color:var(--awb-color1);--awb-content-color:var(--awb-color1);--awb-icon-box-color:var(--awb-color3);--awb-toggle-hover-accent-color:var(--awb-color2);--awb-title-font-family:var(--awb-typography1-font-family);--awb-title-font-weight:var(--awb-typography1-font-weight);--awb-title-font-style:var(--awb-typography1-font-style);--awb-title-font-size:24px;--awb-title-letter-spacing:var(--awb-typography1-letter-spacing);--awb-title-line-height:var(--awb-typography1-line-height);--awb-content-font-family:var(--awb-typography4-font-family);--awb-content-font-weight:var(--awb-typography4-font-weight);--awb-content-font-style:var(--awb-typography4-font-style);\"><div class=\"panel-group fusion-toggle-icon-boxed\" id=\"accordion-10951-1\"><div class=\"fusion-panel panel-default panel-097eb76fab6974e5f fusion-toggle-has-divider\" style=\"--awb-title-color:var(--awb-color1);--awb-content-color:var(--awb-color1);\"><div class=\"panel-heading\"><h4 class=\"panel-title toggle\" id=\"toggle_097eb76fab6974e5f\"><a aria-expanded=\"false\" aria-controls=\"097eb76fab6974e5f\" role=\"button\" data-toggle=\"collapse\" data-target=\"#097eb76fab6974e5f\" href=\"#097eb76fab6974e5f\"><span class=\"fusion-toggle-icon-wrapper\" aria-hidden=\"true\"><i class=\"fa-fusion-box active-icon awb-icon-minus\" aria-hidden=\"true\"><\/i><i class=\"fa-fusion-box inactive-icon awb-icon-plus\" aria-hidden=\"true\"><\/i><\/span><span class=\"fusion-toggle-heading\">Information for download<\/span><\/a><\/h4><\/div><div id=\"097eb76fab6974e5f\" class=\"panel-collapse collapse \" aria-labelledby=\"toggle_097eb76fab6974e5f\"><div class=\"panel-body toggle-content fusion-clearfix\">\n<ul>\n<li><a href=\"https:\/\/www.substrate-ev.org\/wp-content\/uploads\/2017\/11\/QualityParametersPerlite_2013-04.pdf\" target=\"_blank\" rel=\"noopener noreferrer\">QUALITY PARAMETERS FOR PERLITE (RAL-GZ 250\/5-3)<\/a><\/li>\n<\/ul>\n<\/div><\/div><\/div><\/div><\/div><\/div><\/div><\/div><\/div><div class=\"fusion-fullwidth fullwidth-box fusion-builder-row-3 fusion-flex-container has-pattern-background has-mask-background nonhundred-percent-fullwidth non-hundred-percent-height-scrolling\" style=\"--awb-border-radius-top-left:0px;--awb-border-radius-top-right:0px;--awb-border-radius-bottom-right:0px;--awb-border-radius-bottom-left:0px;--awb-flex-wrap:wrap;\" ><div class=\"fusion-builder-row fusion-row fusion-flex-align-items-flex-start fusion-flex-content-wrap\" style=\"max-width:1248px;margin-left: calc(-4% \/ 2 );margin-right: calc(-4% \/ 2 );\"><div class=\"fusion-layout-column fusion_builder_column fusion-builder-column-3 fusion_builder_column_1_1 1_1 fusion-flex-column gruenebox-inhalt-unterseite\" style=\"--awb-padding-top:15px;--awb-padding-right:25px;--awb-padding-bottom:15px;--awb-padding-left:25px;--awb-bg-color:var(--awb-color2);--awb-bg-color-hover:var(--awb-color2);--awb-bg-size:cover;--awb-width-large:100%;--awb-margin-top-large:0px;--awb-spacing-right-large:1.92%;--awb-margin-bottom-large:0px;--awb-spacing-left-large:1.92%;--awb-width-medium:100%;--awb-order-medium:0;--awb-spacing-right-medium:1.92%;--awb-spacing-left-medium:1.92%;--awb-width-small:100%;--awb-order-small:0;--awb-spacing-right-small:1.92%;--awb-spacing-left-small:1.92%;\"><div class=\"fusion-column-wrapper fusion-column-has-shadow fusion-flex-justify-content-flex-start fusion-content-layout-column\"><div class=\"fusion-title title fusion-title-4 fusion-sep-none fusion-title-text fusion-title-size-three\" style=\"--awb-text-color:#ffffff;--awb-margin-top-small:10px;--awb-margin-right-small:0px;--awb-margin-bottom-small:10px;--awb-margin-left-small:0px;\"><h3 class=\"fusion-title-heading title-heading-left fusion-responsive-typography-calculated\" style=\"margin:0;--fontSize:25;--minFontSize:25;line-height:var(--awb-typography1-line-height);\">Advantages of perlite:<\/h3><\/div><div class=\"fusion-text fusion-text-2\" style=\"--awb-text-color:var(--awb-color5);\"><ul>\n<li>light, purely mineral material<\/li>\n<li>chemically neutral, incombustible and frost-resistant<\/li>\n<li>stable structure, reduces substrate subsidence<\/li>\n<li>very good water holding properties<\/li>\n<li>free of soluble salts<\/li>\n<li>pH neutral<\/li>\n<li>facilitates substrate remoistening<\/li>\n<li>improves substrate aeration<\/li>\n<li>free of germs and fungal spores<\/li>\n<\/ul>\n<p><strong>Perlite is used as a substrate additive in horticulture, as a soil improver in plant production and as an additive in substrates for green roofs.<\/strong><\/p>\n<\/div><\/div><\/div><\/div><\/div><\/p>\n","protected":false},"excerpt":{"rendered":"","protected":false},"author":2,"featured_media":10712,"parent":10927,"menu_order":0,"comment_status":"closed","ping_status":"closed","template":"","meta":{"_acf_changed":false,"om_disable_all_campaigns":false,"_monsterinsights_skip_tracking":false,"_monsterinsights_sitenote_active":false,"_monsterinsights_sitenote_note":"","_monsterinsights_sitenote_category":0,"footnotes":""},"class_list":["post-10951","page","type-page","status-publish","has-post-thumbnail","hentry"],"acf":[],"yoast_head":"<!-- This site is optimized with the Yoast SEO plugin v27.3 - https:\/\/yoast.com\/product\/yoast-seo-wordpress\/ -->\n<title>Quality criteria \u2013 Perlite - ggs<\/title>\n<meta name=\"description\" content=\"RAL g\u00fctegesichertes Perlit - Substratausgangsstoff, Bodenverbesserungsmittel, Zusatz u.a. zu Dachsubstraten. Gepr\u00fcfte Qualit\u00e4t der\u00a0 RAL G\u00fctegemeinschaft Substrate f\u00fcr Pflanzen e.V.\" \/>\n<meta name=\"robots\" content=\"index, follow, max-snippet:-1, max-image-preview:large, max-video-preview:-1\" \/>\n<link rel=\"canonical\" href=\"https:\/\/www.substrate-ev.org\/en\/criteria\/growing-media-constituents\/quality-criteria-perlite\/\" \/>\n<meta property=\"og:locale\" content=\"en_US\" \/>\n<meta property=\"og:type\" content=\"article\" \/>\n<meta property=\"og:title\" content=\"Quality criteria \u2013 Perlite - ggs\" \/>\n<meta property=\"og:description\" content=\"RAL g\u00fctegesichertes Perlit - Substratausgangsstoff, Bodenverbesserungsmittel, Zusatz u.a. zu Dachsubstraten. Gepr\u00fcfte Qualit\u00e4t der\u00a0 RAL G\u00fctegemeinschaft Substrate f\u00fcr Pflanzen e.V.\" \/>\n<meta property=\"og:url\" content=\"https:\/\/www.substrate-ev.org\/en\/criteria\/growing-media-constituents\/quality-criteria-perlite\/\" \/>\n<meta property=\"og:site_name\" content=\"GGS\" \/>\n<meta property=\"article:modified_time\" content=\"2023-01-09T10:46:23+00:00\" \/>\n<meta property=\"og:image\" content=\"https:\/\/www.substrate-ev.org\/wp-content\/uploads\/2022\/11\/guetesicherung-fuer-perlit.jpg\" \/>\n\t<meta property=\"og:image:width\" content=\"1276\" \/>\n\t<meta property=\"og:image:height\" content=\"598\" \/>\n\t<meta property=\"og:image:type\" content=\"image\/jpeg\" \/>\n<meta name=\"twitter:card\" content=\"summary_large_image\" \/>\n<meta name=\"twitter:label1\" content=\"Est. reading time\" \/>\n\t<meta name=\"twitter:data1\" content=\"8 minutes\" \/>\n<script type=\"application\/ld+json\" class=\"yoast-schema-graph\">{\"@context\":\"https:\\\/\\\/schema.org\",\"@graph\":[{\"@type\":\"WebPage\",\"@id\":\"https:\\\/\\\/www.substrate-ev.org\\\/en\\\/criteria\\\/growing-media-constituents\\\/quality-criteria-perlite\\\/\",\"url\":\"https:\\\/\\\/www.substrate-ev.org\\\/en\\\/criteria\\\/growing-media-constituents\\\/quality-criteria-perlite\\\/\",\"name\":\"Quality criteria \u2013 Perlite - ggs\",\"isPartOf\":{\"@id\":\"https:\\\/\\\/www.substrate-ev.org\\\/en\\\/#website\"},\"primaryImageOfPage\":{\"@id\":\"https:\\\/\\\/www.substrate-ev.org\\\/en\\\/criteria\\\/growing-media-constituents\\\/quality-criteria-perlite\\\/#primaryimage\"},\"image\":{\"@id\":\"https:\\\/\\\/www.substrate-ev.org\\\/en\\\/criteria\\\/growing-media-constituents\\\/quality-criteria-perlite\\\/#primaryimage\"},\"thumbnailUrl\":\"https:\\\/\\\/www.substrate-ev.org\\\/wp-content\\\/uploads\\\/2022\\\/11\\\/guetesicherung-fuer-perlit.jpg\",\"datePublished\":\"2015-12-18T14:33:47+00:00\",\"dateModified\":\"2023-01-09T10:46:23+00:00\",\"description\":\"RAL g\u00fctegesichertes Perlit - Substratausgangsstoff, Bodenverbesserungsmittel, Zusatz u.a. zu Dachsubstraten. Gepr\u00fcfte Qualit\u00e4t der\u00a0 RAL G\u00fctegemeinschaft Substrate f\u00fcr Pflanzen e.V.\",\"breadcrumb\":{\"@id\":\"https:\\\/\\\/www.substrate-ev.org\\\/en\\\/criteria\\\/growing-media-constituents\\\/quality-criteria-perlite\\\/#breadcrumb\"},\"inLanguage\":\"en-US\",\"potentialAction\":[{\"@type\":\"ReadAction\",\"target\":[\"https:\\\/\\\/www.substrate-ev.org\\\/en\\\/criteria\\\/growing-media-constituents\\\/quality-criteria-perlite\\\/\"]}]},{\"@type\":\"ImageObject\",\"inLanguage\":\"en-US\",\"@id\":\"https:\\\/\\\/www.substrate-ev.org\\\/en\\\/criteria\\\/growing-media-constituents\\\/quality-criteria-perlite\\\/#primaryimage\",\"url\":\"https:\\\/\\\/www.substrate-ev.org\\\/wp-content\\\/uploads\\\/2022\\\/11\\\/guetesicherung-fuer-perlit.jpg\",\"contentUrl\":\"https:\\\/\\\/www.substrate-ev.org\\\/wp-content\\\/uploads\\\/2022\\\/11\\\/guetesicherung-fuer-perlit.jpg\",\"width\":1276,\"height\":598},{\"@type\":\"BreadcrumbList\",\"@id\":\"https:\\\/\\\/www.substrate-ev.org\\\/en\\\/criteria\\\/growing-media-constituents\\\/quality-criteria-perlite\\\/#breadcrumb\",\"itemListElement\":[{\"@type\":\"ListItem\",\"position\":1,\"name\":\"Criteria\",\"item\":\"https:\\\/\\\/www.substrate-ev.org\\\/en\\\/criteria\\\/\"},{\"@type\":\"ListItem\",\"position\":2,\"name\":\"Growing media constituents\",\"item\":\"https:\\\/\\\/www.substrate-ev.org\\\/en\\\/criteria\\\/growing-media-constituents\\\/\"},{\"@type\":\"ListItem\",\"position\":3,\"name\":\"Quality criteria \u2013 Perlite\"}]},{\"@type\":\"WebSite\",\"@id\":\"https:\\\/\\\/www.substrate-ev.org\\\/en\\\/#website\",\"url\":\"https:\\\/\\\/www.substrate-ev.org\\\/en\\\/\",\"name\":\"GGS\",\"description\":\"RAL G\u00fctegemeinschaft Substrate f\u00fcr Pflanzen e.V.\",\"potentialAction\":[{\"@type\":\"SearchAction\",\"target\":{\"@type\":\"EntryPoint\",\"urlTemplate\":\"https:\\\/\\\/www.substrate-ev.org\\\/en\\\/?s={search_term_string}\"},\"query-input\":{\"@type\":\"PropertyValueSpecification\",\"valueRequired\":true,\"valueName\":\"search_term_string\"}}],\"inLanguage\":\"en-US\"}]}<\/script>\n<!-- \/ Yoast SEO plugin. -->","yoast_head_json":{"title":"Quality criteria \u2013 Perlite - ggs","description":"RAL g\u00fctegesichertes Perlit - Substratausgangsstoff, Bodenverbesserungsmittel, Zusatz u.a. zu Dachsubstraten. Gepr\u00fcfte Qualit\u00e4t der\u00a0 RAL G\u00fctegemeinschaft Substrate f\u00fcr Pflanzen e.V.","robots":{"index":"index","follow":"follow","max-snippet":"max-snippet:-1","max-image-preview":"max-image-preview:large","max-video-preview":"max-video-preview:-1"},"canonical":"https:\/\/www.substrate-ev.org\/en\/criteria\/growing-media-constituents\/quality-criteria-perlite\/","og_locale":"en_US","og_type":"article","og_title":"Quality criteria \u2013 Perlite - ggs","og_description":"RAL g\u00fctegesichertes Perlit - Substratausgangsstoff, Bodenverbesserungsmittel, Zusatz u.a. zu Dachsubstraten. Gepr\u00fcfte Qualit\u00e4t der\u00a0 RAL G\u00fctegemeinschaft Substrate f\u00fcr Pflanzen e.V.","og_url":"https:\/\/www.substrate-ev.org\/en\/criteria\/growing-media-constituents\/quality-criteria-perlite\/","og_site_name":"GGS","article_modified_time":"2023-01-09T10:46:23+00:00","og_image":[{"width":1276,"height":598,"url":"https:\/\/www.substrate-ev.org\/wp-content\/uploads\/2022\/11\/guetesicherung-fuer-perlit.jpg","type":"image\/jpeg"}],"twitter_card":"summary_large_image","twitter_misc":{"Est. reading time":"8 minutes"},"schema":{"@context":"https:\/\/schema.org","@graph":[{"@type":"WebPage","@id":"https:\/\/www.substrate-ev.org\/en\/criteria\/growing-media-constituents\/quality-criteria-perlite\/","url":"https:\/\/www.substrate-ev.org\/en\/criteria\/growing-media-constituents\/quality-criteria-perlite\/","name":"Quality criteria \u2013 Perlite - ggs","isPartOf":{"@id":"https:\/\/www.substrate-ev.org\/en\/#website"},"primaryImageOfPage":{"@id":"https:\/\/www.substrate-ev.org\/en\/criteria\/growing-media-constituents\/quality-criteria-perlite\/#primaryimage"},"image":{"@id":"https:\/\/www.substrate-ev.org\/en\/criteria\/growing-media-constituents\/quality-criteria-perlite\/#primaryimage"},"thumbnailUrl":"https:\/\/www.substrate-ev.org\/wp-content\/uploads\/2022\/11\/guetesicherung-fuer-perlit.jpg","datePublished":"2015-12-18T14:33:47+00:00","dateModified":"2023-01-09T10:46:23+00:00","description":"RAL g\u00fctegesichertes Perlit - Substratausgangsstoff, Bodenverbesserungsmittel, Zusatz u.a. zu Dachsubstraten. Gepr\u00fcfte Qualit\u00e4t der\u00a0 RAL G\u00fctegemeinschaft Substrate f\u00fcr Pflanzen e.V.","breadcrumb":{"@id":"https:\/\/www.substrate-ev.org\/en\/criteria\/growing-media-constituents\/quality-criteria-perlite\/#breadcrumb"},"inLanguage":"en-US","potentialAction":[{"@type":"ReadAction","target":["https:\/\/www.substrate-ev.org\/en\/criteria\/growing-media-constituents\/quality-criteria-perlite\/"]}]},{"@type":"ImageObject","inLanguage":"en-US","@id":"https:\/\/www.substrate-ev.org\/en\/criteria\/growing-media-constituents\/quality-criteria-perlite\/#primaryimage","url":"https:\/\/www.substrate-ev.org\/wp-content\/uploads\/2022\/11\/guetesicherung-fuer-perlit.jpg","contentUrl":"https:\/\/www.substrate-ev.org\/wp-content\/uploads\/2022\/11\/guetesicherung-fuer-perlit.jpg","width":1276,"height":598},{"@type":"BreadcrumbList","@id":"https:\/\/www.substrate-ev.org\/en\/criteria\/growing-media-constituents\/quality-criteria-perlite\/#breadcrumb","itemListElement":[{"@type":"ListItem","position":1,"name":"Criteria","item":"https:\/\/www.substrate-ev.org\/en\/criteria\/"},{"@type":"ListItem","position":2,"name":"Growing media constituents","item":"https:\/\/www.substrate-ev.org\/en\/criteria\/growing-media-constituents\/"},{"@type":"ListItem","position":3,"name":"Quality criteria \u2013 Perlite"}]},{"@type":"WebSite","@id":"https:\/\/www.substrate-ev.org\/en\/#website","url":"https:\/\/www.substrate-ev.org\/en\/","name":"GGS","description":"RAL G\u00fctegemeinschaft Substrate f\u00fcr Pflanzen e.V.","potentialAction":[{"@type":"SearchAction","target":{"@type":"EntryPoint","urlTemplate":"https:\/\/www.substrate-ev.org\/en\/?s={search_term_string}"},"query-input":{"@type":"PropertyValueSpecification","valueRequired":true,"valueName":"search_term_string"}}],"inLanguage":"en-US"}]}},"_links":{"self":[{"href":"https:\/\/www.substrate-ev.org\/en\/wp-json\/wp\/v2\/pages\/10951","targetHints":{"allow":["GET"]}}],"collection":[{"href":"https:\/\/www.substrate-ev.org\/en\/wp-json\/wp\/v2\/pages"}],"about":[{"href":"https:\/\/www.substrate-ev.org\/en\/wp-json\/wp\/v2\/types\/page"}],"author":[{"embeddable":true,"href":"https:\/\/www.substrate-ev.org\/en\/wp-json\/wp\/v2\/users\/2"}],"replies":[{"embeddable":true,"href":"https:\/\/www.substrate-ev.org\/en\/wp-json\/wp\/v2\/comments?post=10951"}],"version-history":[{"count":0,"href":"https:\/\/www.substrate-ev.org\/en\/wp-json\/wp\/v2\/pages\/10951\/revisions"}],"up":[{"embeddable":true,"href":"https:\/\/www.substrate-ev.org\/en\/wp-json\/wp\/v2\/pages\/10927"}],"wp:featuredmedia":[{"embeddable":true,"href":"https:\/\/www.substrate-ev.org\/en\/wp-json\/wp\/v2\/media\/10712"}],"wp:attachment":[{"href":"https:\/\/www.substrate-ev.org\/en\/wp-json\/wp\/v2\/media?parent=10951"}],"curies":[{"name":"wp","href":"https:\/\/api.w.org\/{rel}","templated":true}]}}