{"id":10909,"date":"2015-12-01T21:20:11","date_gmt":"2015-12-01T20:20:11","guid":{"rendered":"https:\/\/www.substrate-ev.org\/ral-guetezeichen-ausschreibungen\/"},"modified":"2023-01-20T10:59:55","modified_gmt":"2023-01-20T09:59:55","slug":"about-calls-for-tender","status":"publish","type":"page","link":"https:\/\/www.substrate-ev.org\/en\/about-calls-for-tender\/","title":{"rendered":"About calls for tender"},"content":{"rendered":"<p><div class=\"fusion-fullwidth fullwidth-box fusion-builder-row-1 fusion-flex-container has-pattern-background has-mask-background nonhundred-percent-fullwidth non-hundred-percent-height-scrolling\" style=\"--awb-border-radius-top-left:0px;--awb-border-radius-top-right:0px;--awb-border-radius-bottom-right:0px;--awb-border-radius-bottom-left:0px;--awb-flex-wrap:wrap;\" ><div class=\"fusion-builder-row fusion-row fusion-flex-align-items-flex-start fusion-flex-content-wrap\" style=\"max-width:1248px;margin-left: calc(-4% \/ 2 );margin-right: calc(-4% \/ 2 );\"><div class=\"fusion-layout-column fusion_builder_column fusion-builder-column-0 fusion_builder_column_1_1 1_1 fusion-flex-column\" style=\"--awb-bg-size:cover;--awb-width-large:100%;--awb-margin-top-large:0px;--awb-spacing-right-large:1.92%;--awb-margin-bottom-large:20px;--awb-spacing-left-large:1.92%;--awb-width-medium:100%;--awb-order-medium:0;--awb-spacing-right-medium:1.92%;--awb-spacing-left-medium:1.92%;--awb-width-small:100%;--awb-order-small:0;--awb-spacing-right-small:1.92%;--awb-spacing-left-small:1.92%;\"><div class=\"fusion-column-wrapper fusion-column-has-shadow fusion-flex-justify-content-flex-start fusion-content-layout-column\"><div class=\"fusion-title title fusion-title-1 fusion-sep-none fusion-title-text fusion-title-size-one\" style=\"--awb-margin-top-small:10px;--awb-margin-right-small:0px;--awb-margin-bottom-small:10px;--awb-margin-left-small:0px;\"><h1 class=\"fusion-title-heading title-heading-left fusion-responsive-typography-calculated\" style=\"margin:0;--fontSize:50;line-height:var(--awb-typography1-line-height);\">RAL quality marks facilitate public calls for tender<\/h1><\/div><\/div><\/div><\/div><\/div><div class=\"fusion-fullwidth fullwidth-box fusion-builder-row-2 fusion-flex-container nonhundred-percent-fullwidth non-hundred-percent-height-scrolling\" style=\"--awb-border-radius-top-left:0px;--awb-border-radius-top-right:0px;--awb-border-radius-bottom-right:0px;--awb-border-radius-bottom-left:0px;--awb-flex-wrap:wrap;\" ><div class=\"fusion-builder-row fusion-row fusion-flex-align-items-flex-start fusion-flex-content-wrap\" style=\"max-width:1248px;margin-left: calc(-4% \/ 2 );margin-right: calc(-4% \/ 2 );\"><div class=\"fusion-layout-column fusion_builder_column fusion-builder-column-1 fusion_builder_column_3_5 3_5 fusion-flex-column\" style=\"--awb-bg-size:cover;--awb-width-large:60%;--awb-margin-top-large:0px;--awb-spacing-right-large:3.2%;--awb-margin-bottom-large:0px;--awb-spacing-left-large:3.2%;--awb-width-medium:60%;--awb-spacing-right-medium:3.2%;--awb-spacing-left-medium:3.2%;--awb-width-small:100%;--awb-spacing-right-small:1.92%;--awb-spacing-left-small:1.92%;\"><div class=\"fusion-column-wrapper fusion-flex-justify-content-flex-start fusion-content-layout-column\"><div class=\"fusion-text fusion-text-1\"><ul>\n<li>Reliable criteria for bidder eligibility<\/li>\n<li>State-of-the-art specifications<\/li>\n<li>Specifications exceeding standard and legal requirements<\/li>\n<li>Shortened tender process<\/li>\n<li>No in-depth assessment of bids required<\/li>\n<li>Reliable contractors and clear specifications<\/li>\n<\/ul>\n<p>Contracting parties benefit from these advantages if they acknowledge the RAL quality mark as a proof of bidder eligibility and compliance with technical specifications in their calls for tender.<br \/>\nThe reason is the strict Quality and Testing Regulations products and services must comply with in order to be awarded the RAL quality mark. The Regulations cover all relevant properties, including the manufacturer\u2019s reliability and efficiency and the product\u2019s technical and performance standards.<\/p>\n<p>The RAL quality mark proves that these requirements are met consistently. If contracting parties base their calls for tender on the Quality and Testing Regulations, they can easily use the RAL quality mark as evidence of bidder eligibility and compliance with specifications. This procedure meets all requirements of procurement law in Germany.<\/p>\n<p>The RAL brochure on public awards of contract (see the information on the right) provides you with more detailed information. The same applies to pages on this website on the following subjects:<\/p>\n<\/div><\/div><\/div><div class=\"fusion-layout-column fusion_builder_column fusion-builder-column-2 fusion_builder_column_2_5 2_5 fusion-flex-column fusion-column-inner-bg-wrapper\" style=\"--awb-inner-bg-size:cover;--awb-width-large:40%;--awb-margin-top-large:0px;--awb-spacing-right-large:4.8%;--awb-margin-bottom-large:0px;--awb-spacing-left-large:3.84%;--awb-width-medium:40%;--awb-order-medium:0;--awb-spacing-right-medium:4.8%;--awb-spacing-left-medium:3.84%;--awb-width-small:100%;--awb-order-small:0;--awb-spacing-right-small:1.92%;--awb-spacing-left-small:1.92%;\"><span class=\"fusion-column-inner-bg hover-type-none\"><a class=\"fusion-column-anchor\" href=\"https:\/\/www.substrate-ev.org\/wp-content\/uploads\/2018\/12\/Brochure_-RAL_Quality_Assurance_and_awarding_public_contracts.pdf\" rel=\"noopener noreferrer\" target=\"_blank\"><span class=\"fusion-column-inner-bg-image\"><\/span><\/a><\/span><div class=\"fusion-column-wrapper fusion-column-has-shadow fusion-flex-justify-content-flex-start fusion-content-layout-column\"><div class=\"fusion-text fusion-text-2\"><h2>Awarding public contracts and RAL Quality assurance<\/h2>\n<p><a href=\"\/wp-content\/uploads\/2018\/12\/Brochure_-RAL_Quality_Assurance_and_awarding_public_contracts.pdf\" rel=\"OeffentlicheAuftragsvergabe_Guetesicherung_1610_2019\"><img decoding=\"async\" class=\"lazyload aligncenter wp-image-4716\" src=\"data:image\/svg+xml,%3Csvg%20xmlns%3D%27http%3A%2F%2Fwww.w3.org%2F2000%2Fsvg%27%20width%3D%27365%27%20height%3D%27520%27%20viewBox%3D%270%200%20365%20520%27%3E%3Crect%20width%3D%27365%27%20height%3D%27520%27%20fill-opacity%3D%220%22%2F%3E%3C%2Fsvg%3E\" data-orig-src=\"https:\/\/www.substrate-ev.org\/wp-content\/uploads\/2018\/12\/Brochure_-RAL_Quality_Assurance_and_awarding_public_contracts_Seite_01-722x1024.jpg\" alt=\"Oeffentliche Auftragsvergabe RAL 2020 Bild\" width=\"365\" height=\"520\" \/><\/a><\/p>\n<\/div><\/div><\/div><div class=\"fusion-layout-column fusion_builder_column fusion-builder-column-3 fusion_builder_column_1_1 1_1 fusion-flex-column\" style=\"--awb-bg-size:cover;--awb-width-large:100%;--awb-margin-top-large:0px;--awb-spacing-right-large:1.92%;--awb-margin-bottom-large:20px;--awb-spacing-left-large:1.92%;--awb-width-medium:100%;--awb-order-medium:0;--awb-spacing-right-medium:1.92%;--awb-spacing-left-medium:1.92%;--awb-width-small:100%;--awb-order-small:0;--awb-spacing-right-small:1.92%;--awb-spacing-left-small:1.92%;\"><div class=\"fusion-column-wrapper fusion-column-has-shadow fusion-flex-justify-content-flex-start fusion-content-layout-column\"><div class=\"fusion-title title fusion-title-2 fusion-sep-none fusion-title-text fusion-title-size-three\" style=\"--awb-margin-top-small:10px;--awb-margin-right-small:0px;--awb-margin-bottom-small:10px;--awb-margin-left-small:0px;\"><h3 class=\"fusion-title-heading title-heading-left fusion-responsive-typography-calculated\" style=\"margin:0;--fontSize:25;--minFontSize:25;line-height:var(--awb-typography1-line-height);\"><div id=\"tw-target-text-container\" class=\"tw-ta-container F0azHf tw-nfl\" tabindex=\"0\">\n<p id=\"tw-target-text\" class=\"tw-data-text tw-text-large tw-ta\" dir=\"ltr\" data-placeholder=\"Translation\"><span class=\"Y2IQFc\" lang=\"en\">tender information:<\/span><\/p>\n<\/div><\/h3><\/div><div class=\"accordian fusion-accordian\" style=\"--awb-border-size:1px;--awb-icon-size:16px;--awb-content-font-size:var(--awb-typography4-font-size);--awb-icon-alignment:left;--awb-hover-color:var(--awb-color2);--awb-border-color:var(--awb-color3);--awb-background-color:var(--awb-color1);--awb-divider-color:var(--awb-color3);--awb-divider-hover-color:var(--awb-color3);--awb-icon-color:var(--awb-color5);--awb-title-color:var(--awb-color1);--awb-content-color:var(--awb-color1);--awb-icon-box-color:var(--awb-color3);--awb-toggle-hover-accent-color:var(--awb-color2);--awb-title-font-family:var(--awb-typography1-font-family);--awb-title-font-weight:var(--awb-typography1-font-weight);--awb-title-font-style:var(--awb-typography1-font-style);--awb-title-font-size:24px;--awb-title-letter-spacing:var(--awb-typography1-letter-spacing);--awb-title-line-height:var(--awb-typography1-line-height);--awb-content-font-family:var(--awb-typography4-font-family);--awb-content-font-weight:var(--awb-typography4-font-weight);--awb-content-font-style:var(--awb-typography4-font-style);\"><div class=\"panel-group fusion-toggle-icon-boxed\" id=\"accordion-10909-1\"><div class=\"fusion-panel panel-default panel-c79959771aed513b8 fusion-toggle-has-divider\" style=\"--awb-title-color:var(--awb-color1);--awb-content-color:var(--awb-color1);\"><div class=\"panel-heading\"><h4 class=\"panel-title toggle\" id=\"toggle_c79959771aed513b8\"><a aria-expanded=\"false\" aria-controls=\"c79959771aed513b8\" role=\"button\" data-toggle=\"collapse\" data-target=\"#c79959771aed513b8\" href=\"#c79959771aed513b8\"><span class=\"fusion-toggle-icon-wrapper\" aria-hidden=\"true\"><i class=\"fa-fusion-box active-icon awb-icon-minus\" aria-hidden=\"true\"><\/i><i class=\"fa-fusion-box inactive-icon awb-icon-plus\" aria-hidden=\"true\"><\/i><\/span><span class=\"fusion-toggle-heading\">Bark mulch<\/span><\/a><\/h4><\/div><div id=\"c79959771aed513b8\" class=\"panel-collapse collapse \" aria-labelledby=\"toggle_c79959771aed513b8\"><div class=\"panel-body toggle-content fusion-clearfix\">\n<h2>Bark mulch<\/h2>\n<h3>RAL quality mark advantages \u2013 Calls for tender \u2013 Bark mulch<\/h3>\n<p>If you want to make sure bidders actually offer RAL-certified products, you should choose to use the following wording in your invitations for tender:<\/p>\n<p><strong>Bark mulch carrying the \u201dSubstrates for Plants\u201d quality mark RAL GZ 250\/1-1, particle size (as alternatives): fine \/ medium \/ coarse<\/strong><\/p>\n<ul>\n<li>Mulch material from shredded and fractionated (coniferous) bark to protect the vegetation and the top soil.<\/li>\n<li>A layer of bark mulch must be applied to the entire planting area or tree pit surface at a uniform thickness of \u2026 cm.<\/li>\n<li>The supplier must provide evidence that the production facility from which the product was delivered carries the \u201dSubstrates for Plants\u201d quality mark RAL GZ 250\/1-1 (bark mulch).<\/li>\n<\/ul>\n<div ><a class=\"fusion-button button-flat fusion-button-default-size button-default fusion-button-default button-1 fusion-button-default-span fusion-button-default-type\" target=\"_blank\" rel=\"noopener noreferrer\" href=\"https:\/\/www.substrate-ev.org\/wp-content\/uploads\/2017\/05\/Info-Nachweis-G\u00fctesicherung-bei-losen-Lieferungen-engl.pdf\"><span class=\"fusion-button-text awb-button__text awb-button__text--default\">Proof of RAL quality assurance for bulk\/unpackaged shipments<\/span><\/a><\/div><\/div><\/div><\/div><div class=\"fusion-panel panel-default panel-054aff7abf886274d fusion-toggle-has-divider\" style=\"--awb-title-color:var(--awb-color1);--awb-content-color:var(--awb-color1);\"><div class=\"panel-heading\"><h4 class=\"panel-title toggle\" id=\"toggle_054aff7abf886274d\"><a aria-expanded=\"false\" aria-controls=\"054aff7abf886274d\" role=\"button\" data-toggle=\"collapse\" data-target=\"#054aff7abf886274d\" href=\"#054aff7abf886274d\"><span class=\"fusion-toggle-icon-wrapper\" aria-hidden=\"true\"><i class=\"fa-fusion-box active-icon awb-icon-minus\" aria-hidden=\"true\"><\/i><i class=\"fa-fusion-box inactive-icon awb-icon-plus\" aria-hidden=\"true\"><\/i><\/span><span class=\"fusion-toggle-heading\">Bark humus<\/span><\/a><\/h4><\/div><div id=\"054aff7abf886274d\" class=\"panel-collapse collapse \" aria-labelledby=\"toggle_054aff7abf886274d\"><div class=\"panel-body toggle-content fusion-clearfix\">\n<h2>Bark humus<\/h2>\n<h3>RAL quality mark advantages \u2013 Calls for tender \u2013 Bark humus<\/h3>\n<p>If you want to make sure bidders actually offer RAL-certified products, you should choose to use the following wording in your invitations for tender:<\/p>\n<p><strong>Tips for tendering \u2013 RAL-certified bark humus<\/strong><\/p>\n<p>Bark humus carrying the RAL \u201dSubstrates for Plants\u201c quality mark RAL GZ 250\/1-2, particle size: &lt; 20 mm<\/p>\n<ul>\n<li><strong>Soil improver<\/strong>\u00a0from shredded, heat-fermented and fractionated (coniferous) bark to enrich the top soil with humus and improve top soil structure.<\/li>\n<li>In the case of large-area tillage, bark humus must be applied to the surface before the final tilling. Apply \u2026 litres per square metre or a layer of \u2026 cm in thickness.<\/li>\n<li><strong>Substrate constituent<\/strong>\u00a0from shredded, heat-fermented and fractionated (coniferous) bark to add to the planting hole filling. The bark humus must be mixed well with the material removed from the planting hole, using \u2026 litres of bark humus per planting hole. When using a planting auger, bark humus must be applied to the soil surface before digging and mixed during digging.<\/li>\n<\/ul>\n<p>The supplier must provide evidence that the production site delivering the bark mulch carries the \u201dSubstrates for Plants\u201d quality mark RAL GZ 250\/1-2 (bark humus).<\/p>\n<div ><a class=\"fusion-button button-flat fusion-button-default-size button-default fusion-button-default button-2 fusion-button-default-span fusion-button-default-type\" target=\"_blank\" rel=\"noopener noreferrer\" href=\"https:\/\/www.substrate-ev.org\/wp-content\/uploads\/2017\/05\/Info-Nachweis-G\u00fctesicherung-bei-losen-Lieferungen-engl.pdf\"><span class=\"fusion-button-text awb-button__text awb-button__text--default\">Proof of RAL quality assurance for bulk\/unpackaged shipments<\/span><\/a><\/div><\/div><\/div><\/div><div class=\"fusion-panel panel-default panel-6e80527e97d1eaf40 fusion-toggle-has-divider\" style=\"--awb-title-color:var(--awb-color1);--awb-content-color:var(--awb-color1);\"><div class=\"panel-heading\"><h4 class=\"panel-title toggle\" id=\"toggle_6e80527e97d1eaf40\"><a aria-expanded=\"false\" aria-controls=\"6e80527e97d1eaf40\" role=\"button\" data-toggle=\"collapse\" data-target=\"#6e80527e97d1eaf40\" href=\"#6e80527e97d1eaf40\"><span class=\"fusion-toggle-icon-wrapper\" aria-hidden=\"true\"><i class=\"fa-fusion-box active-icon awb-icon-minus\" aria-hidden=\"true\"><\/i><i class=\"fa-fusion-box inactive-icon awb-icon-plus\" aria-hidden=\"true\"><\/i><\/span><span class=\"fusion-toggle-heading\">Substrates for green roofs<\/span><\/a><\/h4><\/div><div id=\"6e80527e97d1eaf40\" class=\"panel-collapse collapse \" aria-labelledby=\"toggle_6e80527e97d1eaf40\"><div class=\"panel-body toggle-content fusion-clearfix\">\n<h2>Substrates for green roofs<\/h2>\n<h3>RAL quality mark advantages \u2013 Calls for tender \u2013 Substrates for green roofs<\/h3>\n<p><strong>If you want to make sure bidders actually offer RAL-certified products, you should choose to use the following wording in your invitations for tender:<\/strong><\/p>\n<h3>Tips for tendering \u2013 RAL-certified substrates for green roofs<\/h3>\n<p><strong>Substrate type:<\/strong><\/p>\n<ul>\n<li>Substrate for multi-layer intensive green roofs carrying the quality mark RAL GZ 250\/6-1<\/li>\n<li>Substrate for multi-layer extensive green roofs carrying the quality mark RAL GZ 250\/6-2<\/li>\n<li>Substrate for single-layer intensive green roofs carrying the quality mark RAL GZ 250\/6-3<\/li>\n<li>Substrate for single-layer extensive green roofs carrying the quality mark RAL GZ 250\/6-4<\/li>\n<li>Granular drainage material carrying the quality mark RAL GZ 250\/6-5<\/li>\n<\/ul>\n<p>The supplier must provide evidence of the relevant quality mark RAL GZ 250\/6.<\/p>\n<div ><a class=\"fusion-button button-flat fusion-button-default-size button-default fusion-button-default button-3 fusion-button-default-span fusion-button-default-type\" target=\"_blank\" rel=\"noopener noreferrer\" href=\"https:\/\/www.substrate-ev.org\/wp-content\/uploads\/2017\/05\/Info-Nachweis-G\u00fctesicherung-bei-losen-Lieferungen-engl.pdf\"><span class=\"fusion-button-text awb-button__text awb-button__text--default\">Proof of RAL quality assurance for bulk\/unpackaged shipments<\/span><\/a><\/div><\/div><\/div><\/div><div class=\"fusion-panel panel-default panel-d3233b364b50a46ae fusion-toggle-has-divider\" style=\"--awb-title-color:var(--awb-color1);--awb-content-color:var(--awb-color1);\"><div class=\"panel-heading\"><h4 class=\"panel-title toggle\" id=\"toggle_d3233b364b50a46ae\"><a aria-expanded=\"false\" aria-controls=\"d3233b364b50a46ae\" role=\"button\" data-toggle=\"collapse\" data-target=\"#d3233b364b50a46ae\" href=\"#d3233b364b50a46ae\"><span class=\"fusion-toggle-icon-wrapper\" aria-hidden=\"true\"><i class=\"fa-fusion-box active-icon awb-icon-minus\" aria-hidden=\"true\"><\/i><i class=\"fa-fusion-box inactive-icon awb-icon-plus\" aria-hidden=\"true\"><\/i><\/span><span class=\"fusion-toggle-heading\">Substrates for tree planting<\/span><\/a><\/h4><\/div><div id=\"d3233b364b50a46ae\" class=\"panel-collapse collapse \" aria-labelledby=\"toggle_d3233b364b50a46ae\"><div class=\"panel-body toggle-content fusion-clearfix\">\n<h2>Substrates for tree planting<\/h2>\n<h3>RAL quality mark advantages \u2013 Calls for tender \u2013 Substrates for tree planting<\/h3>\n<p><strong>If you want to make sure bidders actually offer RAL-certified products, you should choose to use the following wording in your invitations for tender:<\/strong><\/p>\n<h3>Tips for tendering \u2013 RAL-certified substrates for tree planting<\/h3>\n<p><strong>Substrate type:<\/strong><\/p>\n<ul>\n<li>Substrate for tree planting for planting hole type 1 \u2013 open, non-covered planting holes carrying the quality mark RAL GZ 250\/7-1<\/li>\n<li>Substrate for tree planting for planting hole type 2 \u2013 covered, load-bearing planting holes carrying the quality mark RAL GZ 250\/7-2<\/li>\n<\/ul>\n<p>The supplier must provide evidence of the relevant quality mark RAL-GZ 250\/7.<\/p>\n<div ><a class=\"fusion-button button-flat fusion-button-default-size button-default fusion-button-default button-4 fusion-button-default-span fusion-button-default-type\" target=\"_blank\" rel=\"noopener noreferrer\" href=\"https:\/\/www.substrate-ev.org\/wp-content\/uploads\/2017\/05\/Info-Nachweis-G\u00fctesicherung-bei-losen-Lieferungen-engl.pdf\"><span class=\"fusion-button-text awb-button__text awb-button__text--default\">Proof of RAL quality assurance for bulk\/unpackaged shipments<\/span><\/a><\/div><\/div><\/div><\/div><\/div><\/div><\/div><\/div><\/div><\/div><\/p>\n","protected":false},"excerpt":{"rendered":"","protected":false},"author":181,"featured_media":14045,"parent":0,"menu_order":0,"comment_status":"closed","ping_status":"closed","template":"","meta":{"_acf_changed":false,"om_disable_all_campaigns":false,"_monsterinsights_skip_tracking":false,"_monsterinsights_sitenote_active":false,"_monsterinsights_sitenote_note":"","_monsterinsights_sitenote_category":0,"footnotes":""},"class_list":["post-10909","page","type-page","status-publish","has-post-thumbnail","hentry"],"acf":[],"yoast_head":"<!-- This site is optimized with the Yoast SEO plugin v27.4 - https:\/\/yoast.com\/product\/yoast-seo-wordpress\/ -->\n<title>About calls for tender | GGS<\/title>\n<meta name=\"description\" content=\"RAL G\u00fctezeichen vereinfachen \u00f6ffentliche Ausschreibungen von 2020 - die G\u00fctegemeinschaft Substrate f\u00fcr Pflanzen e.V. unterst\u00fctzt Sie.\" \/>\n<meta name=\"robots\" content=\"index, follow, max-snippet:-1, max-image-preview:large, max-video-preview:-1\" \/>\n<link rel=\"canonical\" href=\"https:\/\/www.substrate-ev.org\/en\/about-calls-for-tender\/\" \/>\n<meta property=\"og:locale\" content=\"en_US\" \/>\n<meta property=\"og:type\" content=\"article\" \/>\n<meta property=\"og:title\" content=\"About calls for tender | GGS\" \/>\n<meta property=\"og:description\" content=\"RAL G\u00fctezeichen vereinfachen \u00f6ffentliche Ausschreibungen von 2020 - die G\u00fctegemeinschaft Substrate f\u00fcr Pflanzen e.V. unterst\u00fctzt Sie.\" \/>\n<meta property=\"og:url\" content=\"https:\/\/www.substrate-ev.org\/en\/about-calls-for-tender\/\" \/>\n<meta property=\"og:site_name\" content=\"GGS\" \/>\n<meta property=\"article:modified_time\" content=\"2023-01-20T09:59:55+00:00\" \/>\n<meta property=\"og:image\" content=\"https:\/\/www.substrate-ev.org\/wp-content\/uploads\/2018\/12\/Brochure_-RAL_Quality_Assurance_and_awarding_public_contracts_Seite_01-722x1024.jpg\" \/>\n<meta name=\"twitter:card\" content=\"summary_large_image\" \/>\n<meta name=\"twitter:label1\" content=\"Est. reading time\" \/>\n\t<meta name=\"twitter:data1\" content=\"12 minutes\" \/>\n<script type=\"application\/ld+json\" class=\"yoast-schema-graph\">{\"@context\":\"https:\\\/\\\/schema.org\",\"@graph\":[{\"@type\":\"WebPage\",\"@id\":\"https:\\\/\\\/www.substrate-ev.org\\\/en\\\/about-calls-for-tender\\\/\",\"url\":\"https:\\\/\\\/www.substrate-ev.org\\\/en\\\/about-calls-for-tender\\\/\",\"name\":\"About calls for tender | GGS\",\"isPartOf\":{\"@id\":\"https:\\\/\\\/www.substrate-ev.org\\\/en\\\/#website\"},\"primaryImageOfPage\":{\"@id\":\"https:\\\/\\\/www.substrate-ev.org\\\/en\\\/about-calls-for-tender\\\/#primaryimage\"},\"image\":{\"@id\":\"https:\\\/\\\/www.substrate-ev.org\\\/en\\\/about-calls-for-tender\\\/#primaryimage\"},\"thumbnailUrl\":\"https:\\\/\\\/www.substrate-ev.org\\\/wp-content\\\/uploads\\\/2023\\\/11\\\/Startseiten-Bild.jpg\",\"datePublished\":\"2015-12-01T20:20:11+00:00\",\"dateModified\":\"2023-01-20T09:59:55+00:00\",\"description\":\"RAL G\u00fctezeichen vereinfachen \u00f6ffentliche Ausschreibungen von 2020 - die G\u00fctegemeinschaft Substrate f\u00fcr Pflanzen e.V. unterst\u00fctzt Sie.\",\"inLanguage\":\"en-US\",\"potentialAction\":[{\"@type\":\"ReadAction\",\"target\":[\"https:\\\/\\\/www.substrate-ev.org\\\/en\\\/about-calls-for-tender\\\/\"]}]},{\"@type\":\"ImageObject\",\"inLanguage\":\"en-US\",\"@id\":\"https:\\\/\\\/www.substrate-ev.org\\\/en\\\/about-calls-for-tender\\\/#primaryimage\",\"url\":\"https:\\\/\\\/www.substrate-ev.org\\\/wp-content\\\/uploads\\\/2023\\\/11\\\/Startseiten-Bild.jpg\",\"contentUrl\":\"https:\\\/\\\/www.substrate-ev.org\\\/wp-content\\\/uploads\\\/2023\\\/11\\\/Startseiten-Bild.jpg\",\"width\":1276,\"height\":598},{\"@type\":\"WebSite\",\"@id\":\"https:\\\/\\\/www.substrate-ev.org\\\/en\\\/#website\",\"url\":\"https:\\\/\\\/www.substrate-ev.org\\\/en\\\/\",\"name\":\"GGS\",\"description\":\"RAL G\u00fctegemeinschaft Substrate f\u00fcr Pflanzen e.V.\",\"potentialAction\":[{\"@type\":\"SearchAction\",\"target\":{\"@type\":\"EntryPoint\",\"urlTemplate\":\"https:\\\/\\\/www.substrate-ev.org\\\/en\\\/?s={search_term_string}\"},\"query-input\":{\"@type\":\"PropertyValueSpecification\",\"valueRequired\":true,\"valueName\":\"search_term_string\"}}],\"inLanguage\":\"en-US\"}]}<\/script>\n<!-- \/ Yoast SEO plugin. -->","yoast_head_json":{"title":"About calls for tender | GGS","description":"RAL G\u00fctezeichen vereinfachen \u00f6ffentliche Ausschreibungen von 2020 - die G\u00fctegemeinschaft Substrate f\u00fcr Pflanzen e.V. unterst\u00fctzt Sie.","robots":{"index":"index","follow":"follow","max-snippet":"max-snippet:-1","max-image-preview":"max-image-preview:large","max-video-preview":"max-video-preview:-1"},"canonical":"https:\/\/www.substrate-ev.org\/en\/about-calls-for-tender\/","og_locale":"en_US","og_type":"article","og_title":"About calls for tender | GGS","og_description":"RAL G\u00fctezeichen vereinfachen \u00f6ffentliche Ausschreibungen von 2020 - die G\u00fctegemeinschaft Substrate f\u00fcr Pflanzen e.V. unterst\u00fctzt Sie.","og_url":"https:\/\/www.substrate-ev.org\/en\/about-calls-for-tender\/","og_site_name":"GGS","article_modified_time":"2023-01-20T09:59:55+00:00","og_image":[{"url":"https:\/\/www.substrate-ev.org\/wp-content\/uploads\/2018\/12\/Brochure_-RAL_Quality_Assurance_and_awarding_public_contracts_Seite_01-722x1024.jpg","type":"","width":"","height":""}],"twitter_card":"summary_large_image","twitter_misc":{"Est. reading time":"12 minutes"},"schema":{"@context":"https:\/\/schema.org","@graph":[{"@type":"WebPage","@id":"https:\/\/www.substrate-ev.org\/en\/about-calls-for-tender\/","url":"https:\/\/www.substrate-ev.org\/en\/about-calls-for-tender\/","name":"About calls for tender | GGS","isPartOf":{"@id":"https:\/\/www.substrate-ev.org\/en\/#website"},"primaryImageOfPage":{"@id":"https:\/\/www.substrate-ev.org\/en\/about-calls-for-tender\/#primaryimage"},"image":{"@id":"https:\/\/www.substrate-ev.org\/en\/about-calls-for-tender\/#primaryimage"},"thumbnailUrl":"https:\/\/www.substrate-ev.org\/wp-content\/uploads\/2023\/11\/Startseiten-Bild.jpg","datePublished":"2015-12-01T20:20:11+00:00","dateModified":"2023-01-20T09:59:55+00:00","description":"RAL G\u00fctezeichen vereinfachen \u00f6ffentliche Ausschreibungen von 2020 - die G\u00fctegemeinschaft Substrate f\u00fcr Pflanzen e.V. unterst\u00fctzt Sie.","inLanguage":"en-US","potentialAction":[{"@type":"ReadAction","target":["https:\/\/www.substrate-ev.org\/en\/about-calls-for-tender\/"]}]},{"@type":"ImageObject","inLanguage":"en-US","@id":"https:\/\/www.substrate-ev.org\/en\/about-calls-for-tender\/#primaryimage","url":"https:\/\/www.substrate-ev.org\/wp-content\/uploads\/2023\/11\/Startseiten-Bild.jpg","contentUrl":"https:\/\/www.substrate-ev.org\/wp-content\/uploads\/2023\/11\/Startseiten-Bild.jpg","width":1276,"height":598},{"@type":"WebSite","@id":"https:\/\/www.substrate-ev.org\/en\/#website","url":"https:\/\/www.substrate-ev.org\/en\/","name":"GGS","description":"RAL G\u00fctegemeinschaft Substrate f\u00fcr Pflanzen e.V.","potentialAction":[{"@type":"SearchAction","target":{"@type":"EntryPoint","urlTemplate":"https:\/\/www.substrate-ev.org\/en\/?s={search_term_string}"},"query-input":{"@type":"PropertyValueSpecification","valueRequired":true,"valueName":"search_term_string"}}],"inLanguage":"en-US"}]}},"_links":{"self":[{"href":"https:\/\/www.substrate-ev.org\/en\/wp-json\/wp\/v2\/pages\/10909","targetHints":{"allow":["GET"]}}],"collection":[{"href":"https:\/\/www.substrate-ev.org\/en\/wp-json\/wp\/v2\/pages"}],"about":[{"href":"https:\/\/www.substrate-ev.org\/en\/wp-json\/wp\/v2\/types\/page"}],"author":[{"embeddable":true,"href":"https:\/\/www.substrate-ev.org\/en\/wp-json\/wp\/v2\/users\/181"}],"replies":[{"embeddable":true,"href":"https:\/\/www.substrate-ev.org\/en\/wp-json\/wp\/v2\/comments?post=10909"}],"version-history":[{"count":0,"href":"https:\/\/www.substrate-ev.org\/en\/wp-json\/wp\/v2\/pages\/10909\/revisions"}],"wp:featuredmedia":[{"embeddable":true,"href":"https:\/\/www.substrate-ev.org\/en\/wp-json\/wp\/v2\/media\/14045"}],"wp:attachment":[{"href":"https:\/\/www.substrate-ev.org\/en\/wp-json\/wp\/v2\/media?parent=10909"}],"curies":[{"name":"wp","href":"https:\/\/api.w.org\/{rel}","templated":true}]}}