{"id":10819,"date":"2015-12-17T14:32:59","date_gmt":"2015-12-17T13:32:59","guid":{"rendered":"https:\/\/www.substrate-ev.org\/blumenerde\/"},"modified":"2023-03-30T11:32:07","modified_gmt":"2023-03-30T09:32:07","slug":"potting-soil","status":"publish","type":"page","link":"https:\/\/www.substrate-ev.org\/en\/criteria\/potting-soil\/","title":{"rendered":"Potting soil"},"content":{"rendered":"<p><div class=\"fusion-fullwidth fullwidth-box fusion-builder-row-1 fusion-flex-container has-pattern-background has-mask-background nonhundred-percent-fullwidth non-hundred-percent-height-scrolling\" style=\"--awb-border-radius-top-left:0px;--awb-border-radius-top-right:0px;--awb-border-radius-bottom-right:0px;--awb-border-radius-bottom-left:0px;--awb-flex-wrap:wrap;\" ><div class=\"fusion-builder-row fusion-row fusion-flex-align-items-flex-start fusion-flex-content-wrap\" style=\"max-width:1248px;margin-left: calc(-4% \/ 2 );margin-right: calc(-4% \/ 2 );\"><div class=\"fusion-layout-column fusion_builder_column fusion-builder-column-0 fusion_builder_column_1_1 1_1 fusion-flex-column\" style=\"--awb-bg-size:cover;--awb-width-large:100%;--awb-margin-top-large:0px;--awb-spacing-right-large:1.92%;--awb-margin-bottom-large:20px;--awb-spacing-left-large:1.92%;--awb-width-medium:100%;--awb-order-medium:0;--awb-spacing-right-medium:1.92%;--awb-spacing-left-medium:1.92%;--awb-width-small:100%;--awb-order-small:0;--awb-spacing-right-small:1.92%;--awb-spacing-left-small:1.92%;\"><div class=\"fusion-column-wrapper fusion-column-has-shadow fusion-flex-justify-content-flex-start fusion-content-layout-column\"><div class=\"fusion-title title fusion-title-1 fusion-sep-none fusion-title-text fusion-title-size-one\" style=\"--awb-margin-top-small:10px;--awb-margin-right-small:0px;--awb-margin-bottom-small:10px;--awb-margin-left-small:0px;\"><h1 class=\"fusion-title-heading title-heading-left fusion-responsive-typography-calculated\" style=\"margin:0;--fontSize:50;line-height:var(--awb-typography1-line-height);\">Quality criteria for potting soils<\/h1><\/div><\/div><\/div><\/div><\/div><div class=\"fusion-fullwidth fullwidth-box fusion-builder-row-2 fusion-flex-container nonhundred-percent-fullwidth non-hundred-percent-height-scrolling\" style=\"--awb-border-radius-top-left:0px;--awb-border-radius-top-right:0px;--awb-border-radius-bottom-right:0px;--awb-border-radius-bottom-left:0px;--awb-flex-wrap:wrap;\" ><div class=\"fusion-builder-row fusion-row fusion-flex-align-items-flex-start fusion-flex-content-wrap\" style=\"max-width:1248px;margin-left: calc(-4% \/ 2 );margin-right: calc(-4% \/ 2 );\"><div class=\"fusion-layout-column fusion_builder_column fusion-builder-column-1 fusion_builder_column_1_2 1_2 fusion-flex-column\" style=\"--awb-bg-size:cover;--awb-width-large:50%;--awb-margin-top-large:0px;--awb-spacing-right-large:3.84%;--awb-margin-bottom-large:0px;--awb-spacing-left-large:3.84%;--awb-width-medium:50%;--awb-spacing-right-medium:3.84%;--awb-spacing-left-medium:3.84%;--awb-width-small:100%;--awb-spacing-right-small:1.92%;--awb-spacing-left-small:1.92%;\"><div class=\"fusion-column-wrapper fusion-flex-justify-content-flex-start fusion-content-layout-column\"><div class=\"fusion-title title fusion-title-2 fusion-sep-none fusion-title-text fusion-title-size-two\" style=\"--awb-margin-top-small:10px;--awb-margin-right-small:0px;--awb-margin-bottom-small:10px;--awb-margin-left-small:0px;\"><h2 class=\"fusion-title-heading title-heading-left fusion-responsive-typography-calculated\" style=\"margin:0;--fontSize:35;line-height:var(--awb-typography1-line-height);\">RAL-certified potting soils for plants<\/h2><\/div><div class=\"fusion-text fusion-text-1\"><p>By offering RAL Quality Assurance for Potting Soils, G\u00fctegemeinschaft Substrate f\u00fcr Pflanzen e.V. has expanded its activities to include another key segment, soils for amateur growers. Consumers often find it hard to judge the quality of potting soils. The RAL quality mark identifies quality soils.<\/p>\n<p>Potting soils are mixtures of the most diverse of suitable constituents, such as peat, clay, bark humus, substrate compost, sand as well as other organic and mineral materials.<\/p>\n<p>The composition depends on the potting soil\u2019s intended purpose. Each constituent has its own task. Potting soils should ensure that the plants are adequately supplied with air, water and minerals at all times. This applies to both indoor plants and outdoor container plants.<\/p>\n<\/div><\/div><\/div><div class=\"fusion-layout-column fusion_builder_column fusion-builder-column-2 fusion_builder_column_1_2 1_2 fusion-flex-column\" style=\"--awb-bg-size:cover;--awb-width-large:50%;--awb-margin-top-large:0px;--awb-spacing-right-large:3.84%;--awb-margin-bottom-large:0px;--awb-spacing-left-large:3.84%;--awb-width-medium:50%;--awb-spacing-right-medium:3.84%;--awb-spacing-left-medium:3.84%;--awb-width-small:100%;--awb-spacing-right-small:1.92%;--awb-spacing-left-small:1.92%;\"><div class=\"fusion-column-wrapper fusion-flex-justify-content-flex-start fusion-content-layout-column\"><div class=\"fusion-title title fusion-title-3 fusion-sep-none fusion-title-text fusion-title-size-two\" style=\"--awb-margin-top-small:10px;--awb-margin-right-small:0px;--awb-margin-bottom-small:10px;--awb-margin-left-small:0px;\"><h2 class=\"fusion-title-heading title-heading-left fusion-responsive-typography-calculated\" style=\"margin:0;--fontSize:35;line-height:var(--awb-typography1-line-height);\">What requirements must potting soils meet?<\/h2><\/div><div class=\"fusion-text fusion-text-2\"><div class=\"body\">\n<div id=\"page\" class=\"hfeed site\">\n<div id=\"content\" class=\"site-content\">\n<div class=\"content_wrap\">\n<div>\n<article id=\"post-1173\" class=\"content-right post-1 post type-post status-publish format-standard hentry category-allgemein\">\n<div class=\"entry-content entry-content-right-blatt\">\n<div id=\"scrollbar-custom\" class=\"scrollbar inner-blatt\">\n<p>Potting soils must fulfil the following criteria:<\/p>\n<ul>\n<li>Provide support to ensure plant stability.<\/li>\n<li>Provide space for the roots to grow in and anchor the plant.<\/li>\n<li>Supply water and nutrients in just the right amounts and ratios so that the plant will thrive.<\/li>\n<li>Have the right soil reaction (pH value) to ensure that the plants can make use of the nutrients.<\/li>\n<li>Provide the plant roots with air and water.<\/li>\n<li>Be largely free of weed seeds, pathogens and plant-damaging substances.<\/li>\n<li>Retain a stable structure even in extremely wet conditions.<\/li>\n<\/ul>\n<\/div>\n<\/div>\n<\/article>\n<\/div>\n<\/div>\n<div><\/div>\n<\/div>\n<\/div>\n<\/div>\n<div id=\"usercentrics-button\" class=\"usercentrics-button layout-1 uc-button-bl uc-banner-1 uc-modal-1 injected-styles\">\n<div id=\"uc-privacy-chip\" class=\"layout-1\"><\/div>\n<div id=\"uc-privacy-button\" class=\"layout-1\">\n<div id=\"uc-btn-open-main-corner-modal\" class=\"uc-privacy-button-wrapper uc-button uc-btn-without-banner bl\">\n<div id=\"uc-btn-close-main-corner-modal\" class=\"uc-floating-button-wrapper \"><\/div>\n<\/div>\n<\/div>\n<div id=\"uc-banner-modal\" class=\"layout-1\"><\/div>\n<div id=\"uc-central-banner-modal\" class=\"layout-1\"><\/div>\n<div id=\"uc-center-modal\" class=\"layout-1\"><\/div>\n<div id=\"uc-corner-modal\" class=\"layout-1\"><\/div>\n<div id=\"uc-consents-info-modal\" class=\"layout-1\"><\/div>\n<div id=\"uc-about-model\" class=\"layout-1\"><\/div>\n<\/div>\n<\/div><\/div><\/div><div class=\"fusion-layout-column fusion_builder_column fusion-builder-column-3 fusion_builder_column_1_2 1_2 fusion-flex-column\" style=\"--awb-bg-size:cover;--awb-width-large:50%;--awb-margin-top-large:0px;--awb-spacing-right-large:3.84%;--awb-margin-bottom-large:20px;--awb-spacing-left-large:3.84%;--awb-width-medium:50%;--awb-order-medium:0;--awb-spacing-right-medium:3.84%;--awb-spacing-left-medium:3.84%;--awb-width-small:100%;--awb-order-small:0;--awb-spacing-right-small:1.92%;--awb-spacing-left-small:1.92%;\"><div class=\"fusion-column-wrapper fusion-column-has-shadow fusion-flex-justify-content-flex-start fusion-content-layout-column\"><div class=\"fusion-title title fusion-title-4 fusion-sep-none fusion-title-text fusion-title-size-three\" style=\"--awb-margin-top-small:10px;--awb-margin-right-small:0px;--awb-margin-bottom-small:10px;--awb-margin-left-small:0px;\"><h3 class=\"fusion-title-heading title-heading-left fusion-responsive-typography-calculated\" style=\"margin:0;--fontSize:25;--minFontSize:25;line-height:var(--awb-typography1-line-height);\">Download quality criteria<\/h3><\/div><div class=\"accordian fusion-accordian\" style=\"--awb-border-size:1px;--awb-icon-size:16px;--awb-content-font-size:var(--awb-typography4-font-size);--awb-icon-alignment:left;--awb-hover-color:var(--awb-color2);--awb-border-color:var(--awb-color3);--awb-background-color:var(--awb-color1);--awb-divider-color:var(--awb-color3);--awb-divider-hover-color:var(--awb-color3);--awb-icon-color:var(--awb-color5);--awb-title-color:var(--awb-color1);--awb-content-color:var(--awb-color1);--awb-icon-box-color:var(--awb-color3);--awb-toggle-hover-accent-color:var(--awb-color2);--awb-title-font-family:var(--awb-typography1-font-family);--awb-title-font-weight:var(--awb-typography1-font-weight);--awb-title-font-style:var(--awb-typography1-font-style);--awb-title-font-size:24px;--awb-title-letter-spacing:var(--awb-typography1-letter-spacing);--awb-title-line-height:var(--awb-typography1-line-height);--awb-content-font-family:var(--awb-typography4-font-family);--awb-content-font-weight:var(--awb-typography4-font-weight);--awb-content-font-style:var(--awb-typography4-font-style);\"><div class=\"panel-group fusion-toggle-icon-boxed\" id=\"accordion-10819-1\"><div class=\"fusion-panel panel-default panel-52ba6752023dd1693 fusion-toggle-has-divider\" style=\"--awb-title-color:var(--awb-color1);--awb-content-color:var(--awb-color1);\"><div class=\"panel-heading\"><h4 class=\"panel-title toggle\" id=\"toggle_52ba6752023dd1693\"><a aria-expanded=\"false\" aria-controls=\"52ba6752023dd1693\" role=\"button\" data-toggle=\"collapse\" data-target=\"#52ba6752023dd1693\" href=\"#52ba6752023dd1693\"><span class=\"fusion-toggle-icon-wrapper\" aria-hidden=\"true\"><i class=\"fa-fusion-box active-icon awb-icon-minus\" aria-hidden=\"true\"><\/i><i class=\"fa-fusion-box inactive-icon awb-icon-plus\" aria-hidden=\"true\"><\/i><\/span><span class=\"fusion-toggle-heading\">Information for download<\/span><\/a><\/h4><\/div><div id=\"52ba6752023dd1693\" class=\"panel-collapse collapse \" aria-labelledby=\"toggle_52ba6752023dd1693\"><div class=\"panel-body toggle-content fusion-clearfix\">\n<ul>\n<li><a href=\"https:\/\/www.substrate-ev.org\/wp-content\/uploads\/2023\/03\/Potting-Soil-Quality-2018a.pdf\" target=\"_blank\" rel=\"noopener\">POTTING SOILS QUALITY CRITERIA 2018<\/a><\/li>\n<\/ul>\n<\/div><\/div><\/div><\/div><\/div><\/div><\/div><\/div><\/div><\/p>\n","protected":false},"excerpt":{"rendered":"","protected":false},"author":2,"featured_media":10674,"parent":11104,"menu_order":0,"comment_status":"closed","ping_status":"closed","template":"","meta":{"_acf_changed":false,"om_disable_all_campaigns":false,"_monsterinsights_skip_tracking":false,"_monsterinsights_sitenote_active":false,"_monsterinsights_sitenote_note":"","_monsterinsights_sitenote_category":0,"footnotes":""},"class_list":["post-10819","page","type-page","status-publish","has-post-thumbnail","hentry"],"acf":[],"yoast_head":"<!-- This site is optimized with the Yoast SEO plugin v27.3 - https:\/\/yoast.com\/product\/yoast-seo-wordpress\/ -->\n<title>RAL-g\u00fctegesicherte Blumenerden f\u00fcr Ihre Pflanzen - ggs<\/title>\n<meta name=\"description\" content=\"RAL-g\u00fctegesicherte Blumenerden f\u00fcr Pflanzen - achten Sie auf das RAL-Zeichen Substrate f\u00fcr Pflanzen beim Kauf von Blumenerde. Es garantiert beste Qualit\u00e4t.\" \/>\n<meta name=\"robots\" content=\"index, follow, max-snippet:-1, max-image-preview:large, max-video-preview:-1\" \/>\n<link rel=\"canonical\" href=\"https:\/\/www.substrate-ev.org\/en\/criteria\/potting-soil\/\" \/>\n<meta property=\"og:locale\" content=\"en_US\" \/>\n<meta property=\"og:type\" content=\"article\" \/>\n<meta property=\"og:title\" content=\"RAL-g\u00fctegesicherte Blumenerden f\u00fcr Ihre Pflanzen - ggs\" \/>\n<meta property=\"og:description\" content=\"RAL-g\u00fctegesicherte Blumenerden f\u00fcr Pflanzen - achten Sie auf das RAL-Zeichen Substrate f\u00fcr Pflanzen beim Kauf von Blumenerde. Es garantiert beste Qualit\u00e4t.\" \/>\n<meta property=\"og:url\" content=\"https:\/\/www.substrate-ev.org\/en\/criteria\/potting-soil\/\" \/>\n<meta property=\"og:site_name\" content=\"GGS\" \/>\n<meta property=\"article:modified_time\" content=\"2023-03-30T09:32:07+00:00\" \/>\n<meta property=\"og:image\" content=\"https:\/\/www.substrate-ev.org\/wp-content\/uploads\/2022\/11\/guetekriterien-fuer-blumenerden.jpg\" \/>\n\t<meta property=\"og:image:width\" content=\"1276\" \/>\n\t<meta property=\"og:image:height\" content=\"598\" \/>\n\t<meta property=\"og:image:type\" content=\"image\/jpeg\" \/>\n<meta name=\"twitter:card\" content=\"summary_large_image\" \/>\n<meta name=\"twitter:label1\" content=\"Est. reading time\" \/>\n\t<meta name=\"twitter:data1\" content=\"7 minutes\" \/>\n<script type=\"application\/ld+json\" class=\"yoast-schema-graph\">{\"@context\":\"https:\\\/\\\/schema.org\",\"@graph\":[{\"@type\":\"WebPage\",\"@id\":\"https:\\\/\\\/www.substrate-ev.org\\\/en\\\/criteria\\\/potting-soil\\\/\",\"url\":\"https:\\\/\\\/www.substrate-ev.org\\\/en\\\/criteria\\\/potting-soil\\\/\",\"name\":\"RAL-g\u00fctegesicherte Blumenerden f\u00fcr Ihre Pflanzen - ggs\",\"isPartOf\":{\"@id\":\"https:\\\/\\\/www.substrate-ev.org\\\/en\\\/#website\"},\"primaryImageOfPage\":{\"@id\":\"https:\\\/\\\/www.substrate-ev.org\\\/en\\\/criteria\\\/potting-soil\\\/#primaryimage\"},\"image\":{\"@id\":\"https:\\\/\\\/www.substrate-ev.org\\\/en\\\/criteria\\\/potting-soil\\\/#primaryimage\"},\"thumbnailUrl\":\"https:\\\/\\\/www.substrate-ev.org\\\/wp-content\\\/uploads\\\/2022\\\/11\\\/guetekriterien-fuer-blumenerden.jpg\",\"datePublished\":\"2015-12-17T13:32:59+00:00\",\"dateModified\":\"2023-03-30T09:32:07+00:00\",\"description\":\"RAL-g\u00fctegesicherte Blumenerden f\u00fcr Pflanzen - achten Sie auf das RAL-Zeichen Substrate f\u00fcr Pflanzen beim Kauf von Blumenerde. Es garantiert beste Qualit\u00e4t.\",\"inLanguage\":\"en-US\",\"potentialAction\":[{\"@type\":\"ReadAction\",\"target\":[\"https:\\\/\\\/www.substrate-ev.org\\\/en\\\/criteria\\\/potting-soil\\\/\"]}]},{\"@type\":\"ImageObject\",\"inLanguage\":\"en-US\",\"@id\":\"https:\\\/\\\/www.substrate-ev.org\\\/en\\\/criteria\\\/potting-soil\\\/#primaryimage\",\"url\":\"https:\\\/\\\/www.substrate-ev.org\\\/wp-content\\\/uploads\\\/2022\\\/11\\\/guetekriterien-fuer-blumenerden.jpg\",\"contentUrl\":\"https:\\\/\\\/www.substrate-ev.org\\\/wp-content\\\/uploads\\\/2022\\\/11\\\/guetekriterien-fuer-blumenerden.jpg\",\"width\":1276,\"height\":598},{\"@type\":\"WebSite\",\"@id\":\"https:\\\/\\\/www.substrate-ev.org\\\/en\\\/#website\",\"url\":\"https:\\\/\\\/www.substrate-ev.org\\\/en\\\/\",\"name\":\"GGS\",\"description\":\"RAL G\u00fctegemeinschaft Substrate f\u00fcr Pflanzen e.V.\",\"potentialAction\":[{\"@type\":\"SearchAction\",\"target\":{\"@type\":\"EntryPoint\",\"urlTemplate\":\"https:\\\/\\\/www.substrate-ev.org\\\/en\\\/?s={search_term_string}\"},\"query-input\":{\"@type\":\"PropertyValueSpecification\",\"valueRequired\":true,\"valueName\":\"search_term_string\"}}],\"inLanguage\":\"en-US\"}]}<\/script>\n<!-- \/ Yoast SEO plugin. -->","yoast_head_json":{"title":"RAL-g\u00fctegesicherte Blumenerden f\u00fcr Ihre Pflanzen - ggs","description":"RAL-g\u00fctegesicherte Blumenerden f\u00fcr Pflanzen - achten Sie auf das RAL-Zeichen Substrate f\u00fcr Pflanzen beim Kauf von Blumenerde. Es garantiert beste Qualit\u00e4t.","robots":{"index":"index","follow":"follow","max-snippet":"max-snippet:-1","max-image-preview":"max-image-preview:large","max-video-preview":"max-video-preview:-1"},"canonical":"https:\/\/www.substrate-ev.org\/en\/criteria\/potting-soil\/","og_locale":"en_US","og_type":"article","og_title":"RAL-g\u00fctegesicherte Blumenerden f\u00fcr Ihre Pflanzen - ggs","og_description":"RAL-g\u00fctegesicherte Blumenerden f\u00fcr Pflanzen - achten Sie auf das RAL-Zeichen Substrate f\u00fcr Pflanzen beim Kauf von Blumenerde. Es garantiert beste Qualit\u00e4t.","og_url":"https:\/\/www.substrate-ev.org\/en\/criteria\/potting-soil\/","og_site_name":"GGS","article_modified_time":"2023-03-30T09:32:07+00:00","og_image":[{"width":1276,"height":598,"url":"https:\/\/www.substrate-ev.org\/wp-content\/uploads\/2022\/11\/guetekriterien-fuer-blumenerden.jpg","type":"image\/jpeg"}],"twitter_card":"summary_large_image","twitter_misc":{"Est. reading time":"7 minutes"},"schema":{"@context":"https:\/\/schema.org","@graph":[{"@type":"WebPage","@id":"https:\/\/www.substrate-ev.org\/en\/criteria\/potting-soil\/","url":"https:\/\/www.substrate-ev.org\/en\/criteria\/potting-soil\/","name":"RAL-g\u00fctegesicherte Blumenerden f\u00fcr Ihre Pflanzen - ggs","isPartOf":{"@id":"https:\/\/www.substrate-ev.org\/en\/#website"},"primaryImageOfPage":{"@id":"https:\/\/www.substrate-ev.org\/en\/criteria\/potting-soil\/#primaryimage"},"image":{"@id":"https:\/\/www.substrate-ev.org\/en\/criteria\/potting-soil\/#primaryimage"},"thumbnailUrl":"https:\/\/www.substrate-ev.org\/wp-content\/uploads\/2022\/11\/guetekriterien-fuer-blumenerden.jpg","datePublished":"2015-12-17T13:32:59+00:00","dateModified":"2023-03-30T09:32:07+00:00","description":"RAL-g\u00fctegesicherte Blumenerden f\u00fcr Pflanzen - achten Sie auf das RAL-Zeichen Substrate f\u00fcr Pflanzen beim Kauf von Blumenerde. Es garantiert beste Qualit\u00e4t.","inLanguage":"en-US","potentialAction":[{"@type":"ReadAction","target":["https:\/\/www.substrate-ev.org\/en\/criteria\/potting-soil\/"]}]},{"@type":"ImageObject","inLanguage":"en-US","@id":"https:\/\/www.substrate-ev.org\/en\/criteria\/potting-soil\/#primaryimage","url":"https:\/\/www.substrate-ev.org\/wp-content\/uploads\/2022\/11\/guetekriterien-fuer-blumenerden.jpg","contentUrl":"https:\/\/www.substrate-ev.org\/wp-content\/uploads\/2022\/11\/guetekriterien-fuer-blumenerden.jpg","width":1276,"height":598},{"@type":"WebSite","@id":"https:\/\/www.substrate-ev.org\/en\/#website","url":"https:\/\/www.substrate-ev.org\/en\/","name":"GGS","description":"RAL G\u00fctegemeinschaft Substrate f\u00fcr Pflanzen e.V.","potentialAction":[{"@type":"SearchAction","target":{"@type":"EntryPoint","urlTemplate":"https:\/\/www.substrate-ev.org\/en\/?s={search_term_string}"},"query-input":{"@type":"PropertyValueSpecification","valueRequired":true,"valueName":"search_term_string"}}],"inLanguage":"en-US"}]}},"_links":{"self":[{"href":"https:\/\/www.substrate-ev.org\/en\/wp-json\/wp\/v2\/pages\/10819","targetHints":{"allow":["GET"]}}],"collection":[{"href":"https:\/\/www.substrate-ev.org\/en\/wp-json\/wp\/v2\/pages"}],"about":[{"href":"https:\/\/www.substrate-ev.org\/en\/wp-json\/wp\/v2\/types\/page"}],"author":[{"embeddable":true,"href":"https:\/\/www.substrate-ev.org\/en\/wp-json\/wp\/v2\/users\/2"}],"replies":[{"embeddable":true,"href":"https:\/\/www.substrate-ev.org\/en\/wp-json\/wp\/v2\/comments?post=10819"}],"version-history":[{"count":0,"href":"https:\/\/www.substrate-ev.org\/en\/wp-json\/wp\/v2\/pages\/10819\/revisions"}],"up":[{"embeddable":true,"href":"https:\/\/www.substrate-ev.org\/en\/wp-json\/wp\/v2\/pages\/11104"}],"wp:featuredmedia":[{"embeddable":true,"href":"https:\/\/www.substrate-ev.org\/en\/wp-json\/wp\/v2\/media\/10674"}],"wp:attachment":[{"href":"https:\/\/www.substrate-ev.org\/en\/wp-json\/wp\/v2\/media?parent=10819"}],"curies":[{"name":"wp","href":"https:\/\/api.w.org\/{rel}","templated":true}]}}