{"id":10813,"date":"2015-12-17T12:04:14","date_gmt":"2015-12-17T11:04:14","guid":{"rendered":"https:\/\/www.substrate-ev.org\/kultursubstrate\/"},"modified":"2024-04-09T16:05:58","modified_gmt":"2024-04-09T14:05:58","slug":"growing-media","status":"publish","type":"page","link":"https:\/\/www.substrate-ev.org\/en\/criteria\/growing-media\/","title":{"rendered":"Growing media"},"content":{"rendered":"<p><div class=\"fusion-fullwidth fullwidth-box fusion-builder-row-1 fusion-flex-container has-pattern-background has-mask-background nonhundred-percent-fullwidth non-hundred-percent-height-scrolling\" style=\"--awb-border-radius-top-left:0px;--awb-border-radius-top-right:0px;--awb-border-radius-bottom-right:0px;--awb-border-radius-bottom-left:0px;--awb-flex-wrap:wrap;\" ><div class=\"fusion-builder-row fusion-row fusion-flex-align-items-flex-start fusion-flex-content-wrap\" style=\"max-width:1248px;margin-left: calc(-4% \/ 2 );margin-right: calc(-4% \/ 2 );\"><div class=\"fusion-layout-column fusion_builder_column fusion-builder-column-0 fusion_builder_column_1_1 1_1 fusion-flex-column\" style=\"--awb-bg-size:cover;--awb-width-large:100%;--awb-margin-top-large:0px;--awb-spacing-right-large:1.92%;--awb-margin-bottom-large:20px;--awb-spacing-left-large:1.92%;--awb-width-medium:100%;--awb-order-medium:0;--awb-spacing-right-medium:1.92%;--awb-spacing-left-medium:1.92%;--awb-width-small:100%;--awb-order-small:0;--awb-spacing-right-small:1.92%;--awb-spacing-left-small:1.92%;\"><div class=\"fusion-column-wrapper fusion-column-has-shadow fusion-flex-justify-content-flex-start fusion-content-layout-column\"><div class=\"fusion-title title fusion-title-1 fusion-sep-none fusion-title-text fusion-title-size-one\" style=\"--awb-margin-top-small:10px;--awb-margin-right-small:0px;--awb-margin-bottom-small:10px;--awb-margin-left-small:0px;\"><h1 class=\"fusion-title-heading title-heading-left fusion-responsive-typography-calculated\" style=\"margin:0;--fontSize:50;line-height:var(--awb-typography1-line-height);\"><h1>Quality criteria for growing media<\/h1><\/h1><\/div><\/div><\/div><\/div><\/div><div class=\"fusion-fullwidth fullwidth-box fusion-builder-row-2 fusion-flex-container nonhundred-percent-fullwidth non-hundred-percent-height-scrolling\" style=\"--awb-border-radius-top-left:0px;--awb-border-radius-top-right:0px;--awb-border-radius-bottom-right:0px;--awb-border-radius-bottom-left:0px;--awb-flex-wrap:wrap;\" ><div class=\"fusion-builder-row fusion-row fusion-flex-align-items-flex-start fusion-flex-content-wrap\" style=\"max-width:1248px;margin-left: calc(-4% \/ 2 );margin-right: calc(-4% \/ 2 );\"><div class=\"fusion-layout-column fusion_builder_column fusion-builder-column-1 fusion_builder_column_1_2 1_2 fusion-flex-column\" style=\"--awb-bg-size:cover;--awb-width-large:50%;--awb-margin-top-large:0px;--awb-spacing-right-large:3.84%;--awb-margin-bottom-large:0px;--awb-spacing-left-large:3.84%;--awb-width-medium:50%;--awb-spacing-right-medium:3.84%;--awb-spacing-left-medium:3.84%;--awb-width-small:100%;--awb-spacing-right-small:1.92%;--awb-spacing-left-small:1.92%;\"><div class=\"fusion-column-wrapper fusion-flex-justify-content-flex-start fusion-content-layout-column\"><div class=\"fusion-title title fusion-title-2 fusion-sep-none fusion-title-text fusion-title-size-two\" style=\"--awb-margin-top-small:10px;--awb-margin-right-small:0px;--awb-margin-bottom-small:10px;--awb-margin-left-small:0px;\"><h2 class=\"fusion-title-heading title-heading-left fusion-responsive-typography-calculated\" style=\"margin:0;--fontSize:35;line-height:var(--awb-typography1-line-height);\">RAL-certified growing media for your crops<\/h2><\/div><div class=\"fusion-text fusion-text-1\"><p>Growing media are a mixture of a large variety of substrate constituents, such as peat, clay, bark humus, wood fibre, substrate compost and numerous other mineral and organic elements. Horticulturists today normally use standardised substrates from industrial production. They place very high requirements on the substrates they use. Here\u2019s why:<\/p>\n<ul>\n<li>In commercial horticulture or landscaping, plants usually have a small root zone.<\/li>\n<li>Substrates must accommodate the most diverse of growing methods.<\/li>\n<li>Highly specialised young plant production relies on high plant vitality.<\/li>\n<li>The substrates must ensure fast plant growth.<\/li>\n<\/ul>\n<\/div><\/div><\/div><div class=\"fusion-layout-column fusion_builder_column fusion-builder-column-2 fusion_builder_column_1_2 1_2 fusion-flex-column\" style=\"--awb-bg-size:cover;--awb-width-large:50%;--awb-margin-top-large:0px;--awb-spacing-right-large:3.84%;--awb-margin-bottom-large:0px;--awb-spacing-left-large:3.84%;--awb-width-medium:50%;--awb-order-medium:0;--awb-spacing-right-medium:3.84%;--awb-spacing-left-medium:3.84%;--awb-width-small:100%;--awb-order-small:0;--awb-spacing-right-small:1.92%;--awb-spacing-left-small:1.92%;\"><div class=\"fusion-column-wrapper fusion-column-has-shadow fusion-flex-justify-content-flex-start fusion-content-layout-column\"><div class=\"fusion-separator fusion-full-width-sep\" style=\"align-self: center;margin-left: auto;margin-right: auto;margin-top:100px;width:100%;\"><\/div><div class=\"fusion-text fusion-text-2\"><p>These requirements call for uniform, all-season high-quality substrates.<\/p>\n<p>RAL Quality Assurance guarantees just that. It stipulates that quality control already starts when purchasing feedstock. To this end, substrate producers must inspect their constituents and additives for compliance with defined parameters and document the results. G\u00fctegemeinschaft Substrate f\u00fcr Pflanzen e.V. (GGS) monitors the producers\u2019 compliance with this requirement. In an additional step, the mixed growing media are inspected both internally by the production facility and externally by GGS.<\/p>\n<p>As growers develop their own methods of crop management, they increasingly require customised substrate mixes. Substrate producers are definitely geared up to suit these requirements. And since RAL Quality Assurance applies to all types of growing media produced at a specific facility, the concept also covers these special-purpose mixes.<\/p>\n<\/div><\/div><\/div><div class=\"fusion-layout-column fusion_builder_column fusion-builder-column-3 fusion_builder_column_1_2 1_2 fusion-flex-column gruenebox-inhalt-unterseite\" style=\"--awb-padding-top:15px;--awb-padding-right:25px;--awb-padding-bottom:15px;--awb-padding-left:25px;--awb-bg-color:var(--awb-color2);--awb-bg-color-hover:var(--awb-color2);--awb-bg-size:cover;--awb-width-large:50%;--awb-margin-top-large:0px;--awb-spacing-right-large:3.84%;--awb-margin-bottom-large:0px;--awb-spacing-left-large:3.84%;--awb-width-medium:50%;--awb-order-medium:0;--awb-spacing-right-medium:3.84%;--awb-spacing-left-medium:3.84%;--awb-width-small:100%;--awb-order-small:0;--awb-spacing-right-small:1.92%;--awb-spacing-left-small:1.92%;\"><div class=\"fusion-column-wrapper fusion-column-has-shadow fusion-flex-justify-content-flex-start fusion-content-layout-column\"><div class=\"fusion-title title fusion-title-3 fusion-sep-none fusion-title-text fusion-title-size-three\" style=\"--awb-text-color:#ffffff;--awb-margin-top-small:10px;--awb-margin-right-small:0px;--awb-margin-bottom-small:10px;--awb-margin-left-small:0px;\"><h3 class=\"fusion-title-heading title-heading-left fusion-responsive-typography-calculated\" style=\"margin:0;--fontSize:25;--minFontSize:25;line-height:var(--awb-typography1-line-height);\">How you stand to benefit<\/h3><\/div><div class=\"fusion-text fusion-text-3\" style=\"--awb-text-color:var(--awb-color5);\"><p>Always ask for the RAL quality mark when buying either customised or standard growing media. The quality mark guarantees that the product meets the approved criteria and ensures maximum product reliability.<\/p>\n<\/div><\/div><\/div><div class=\"fusion-layout-column fusion_builder_column fusion-builder-column-4 fusion_builder_column_1_2 1_2 fusion-flex-column gruenebox-inhalt-unterseite\" style=\"--awb-bg-size:cover;--awb-width-large:50%;--awb-margin-top-large:0px;--awb-spacing-right-large:3.84%;--awb-margin-bottom-large:20px;--awb-spacing-left-large:3.84%;--awb-width-medium:50%;--awb-order-medium:0;--awb-spacing-right-medium:3.84%;--awb-spacing-left-medium:3.84%;--awb-width-small:100%;--awb-order-small:0;--awb-spacing-right-small:1.92%;--awb-spacing-left-small:1.92%;\"><div class=\"fusion-column-wrapper fusion-column-has-shadow fusion-flex-justify-content-flex-start fusion-content-layout-column\"><div class=\"fusion-title title fusion-title-4 fusion-sep-none fusion-title-text fusion-title-size-three\" style=\"--awb-margin-top-small:10px;--awb-margin-right-small:0px;--awb-margin-bottom-small:10px;--awb-margin-left-small:0px;\"><h3 class=\"fusion-title-heading title-heading-left fusion-responsive-typography-calculated\" style=\"margin:0;--fontSize:25;--minFontSize:25;line-height:var(--awb-typography1-line-height);\">Download for quality criteria<\/h3><\/div><div class=\"accordian fusion-accordian\" style=\"--awb-border-size:1px;--awb-icon-size:16px;--awb-content-font-size:var(--awb-typography4-font-size);--awb-icon-alignment:left;--awb-hover-color:var(--awb-color2);--awb-border-color:var(--awb-color3);--awb-background-color:var(--awb-color1);--awb-divider-color:var(--awb-color3);--awb-divider-hover-color:var(--awb-color3);--awb-icon-color:var(--awb-color5);--awb-title-color:var(--awb-color1);--awb-content-color:var(--awb-color1);--awb-icon-box-color:var(--awb-color3);--awb-toggle-hover-accent-color:var(--awb-color2);--awb-title-font-family:var(--awb-typography1-font-family);--awb-title-font-weight:var(--awb-typography1-font-weight);--awb-title-font-style:var(--awb-typography1-font-style);--awb-title-font-size:24px;--awb-title-letter-spacing:var(--awb-typography1-letter-spacing);--awb-title-line-height:var(--awb-typography1-line-height);--awb-content-font-family:var(--awb-typography4-font-family);--awb-content-font-weight:var(--awb-typography4-font-weight);--awb-content-font-style:var(--awb-typography4-font-style);\"><div class=\"panel-group fusion-toggle-icon-boxed\" id=\"accordion-10813-1\"><div class=\"fusion-panel panel-default panel-ed2668528d2681fec fusion-toggle-has-divider\" style=\"--awb-title-color:var(--awb-color1);--awb-content-color:var(--awb-color1);\"><div class=\"panel-heading\"><h4 class=\"panel-title toggle\" id=\"toggle_ed2668528d2681fec\"><a aria-expanded=\"false\" aria-controls=\"ed2668528d2681fec\" role=\"button\" data-toggle=\"collapse\" data-target=\"#ed2668528d2681fec\" href=\"#ed2668528d2681fec\"><span class=\"fusion-toggle-icon-wrapper\" aria-hidden=\"true\"><i class=\"fa-fusion-box active-icon awb-icon-minus\" aria-hidden=\"true\"><\/i><i class=\"fa-fusion-box inactive-icon awb-icon-plus\" aria-hidden=\"true\"><\/i><\/span><span class=\"fusion-toggle-heading\">Information for download<\/span><\/a><\/h4><\/div><div id=\"ed2668528d2681fec\" class=\"panel-collapse collapse \" aria-labelledby=\"toggle_ed2668528d2681fec\"><div class=\"panel-body toggle-content fusion-clearfix\">\n<ul>\n<li><a href=\"https:\/\/www.substrate-ev.org\/wp-content\/uploads\/2023\/03\/Growing-Media-Quality-2018a.pdf\" target=\"_blank\" rel=\"noopener noreferrer\">GROWING MEDIA QUALITY CRITERIA 2018<\/a><\/li>\n<li><a href=\"https:\/\/www.substrate-ev.org\/wp-content\/uploads\/2019\/01\/Folder-GrowingMedia_Quality_GB_2017.pdf\" target=\"_blank\" rel=\"noopener\">FOLDER RAL-QUALITY ASSURANCE FOR GROWING MEDIA<\/a><\/li>\n<li><a href=\"https:\/\/www.substrate-ev.org\/wp-content\/uploads\/2019\/01\/How-to-handle-gowing-media.pdf\" target=\"_blank\" rel=\"noopener\">HOW TO HANDLE GROWING MEDIA<\/a><\/li>\n<li><a href=\"https:\/\/www.substrate-ev.org\/wp-content\/uploads\/2019\/06\/GGS-recommendations-pH-changes-during-cultivation-2.pdf\" target=\"_blank\" rel=\"noopener noreferrer\">PH CHANGES DURING CULTIVATION<\/a><\/li>\n<\/ul>\n<\/div><\/div><\/div><\/div><\/div><\/div><\/div><\/div><\/div><\/p>\n","protected":false},"excerpt":{"rendered":"","protected":false},"author":2,"featured_media":10676,"parent":11104,"menu_order":0,"comment_status":"closed","ping_status":"closed","template":"","meta":{"_acf_changed":false,"om_disable_all_campaigns":false,"_monsterinsights_skip_tracking":false,"_monsterinsights_sitenote_active":false,"_monsterinsights_sitenote_note":"","_monsterinsights_sitenote_category":0,"footnotes":""},"class_list":["post-10813","page","type-page","status-publish","has-post-thumbnail","hentry"],"acf":[],"yoast_head":"<!-- This site is optimized with the Yoast SEO plugin v27.4 - https:\/\/yoast.com\/product\/yoast-seo-wordpress\/ -->\n<title>Growing media | GGS<\/title>\n<meta name=\"description\" content=\"Die RAL G\u00fctegemeinschaft Substrate f\u00fcr Pflanzen e.V. garantiert einheitliche, saisonunabh\u00e4ngige und qualitativ hochwertige Substrate. Qualit\u00e4t ...\" \/>\n<meta name=\"robots\" content=\"index, follow, max-snippet:-1, max-image-preview:large, max-video-preview:-1\" \/>\n<link rel=\"canonical\" href=\"https:\/\/www.substrate-ev.org\/en\/criteria\/growing-media\/\" \/>\n<meta property=\"og:locale\" content=\"en_US\" \/>\n<meta property=\"og:type\" content=\"article\" \/>\n<meta property=\"og:title\" content=\"Growing media | GGS\" \/>\n<meta property=\"og:description\" content=\"Die RAL G\u00fctegemeinschaft Substrate f\u00fcr Pflanzen e.V. garantiert einheitliche, saisonunabh\u00e4ngige und qualitativ hochwertige Substrate. Qualit\u00e4t ...\" \/>\n<meta property=\"og:url\" content=\"https:\/\/www.substrate-ev.org\/en\/criteria\/growing-media\/\" \/>\n<meta property=\"og:site_name\" content=\"GGS\" \/>\n<meta property=\"article:modified_time\" content=\"2024-04-09T14:05:58+00:00\" \/>\n<meta property=\"og:image\" content=\"https:\/\/www.substrate-ev.org\/wp-content\/uploads\/2022\/11\/guetekriterien-fuer-kultursubstrate.jpg\" \/>\n\t<meta property=\"og:image:width\" content=\"1276\" \/>\n\t<meta property=\"og:image:height\" content=\"598\" \/>\n\t<meta property=\"og:image:type\" content=\"image\/jpeg\" \/>\n<meta name=\"twitter:card\" content=\"summary_large_image\" \/>\n<meta name=\"twitter:label1\" content=\"Est. reading time\" \/>\n\t<meta name=\"twitter:data1\" content=\"2 minutes\" \/>\n<script type=\"application\/ld+json\" class=\"yoast-schema-graph\">{\"@context\":\"https:\\\/\\\/schema.org\",\"@graph\":[{\"@type\":\"WebPage\",\"@id\":\"https:\\\/\\\/www.substrate-ev.org\\\/en\\\/criteria\\\/growing-media\\\/\",\"url\":\"https:\\\/\\\/www.substrate-ev.org\\\/en\\\/criteria\\\/growing-media\\\/\",\"name\":\"Growing media | GGS\",\"isPartOf\":{\"@id\":\"https:\\\/\\\/www.substrate-ev.org\\\/en\\\/#website\"},\"primaryImageOfPage\":{\"@id\":\"https:\\\/\\\/www.substrate-ev.org\\\/en\\\/criteria\\\/growing-media\\\/#primaryimage\"},\"image\":{\"@id\":\"https:\\\/\\\/www.substrate-ev.org\\\/en\\\/criteria\\\/growing-media\\\/#primaryimage\"},\"thumbnailUrl\":\"https:\\\/\\\/www.substrate-ev.org\\\/wp-content\\\/uploads\\\/2022\\\/11\\\/guetekriterien-fuer-kultursubstrate.jpg\",\"datePublished\":\"2015-12-17T11:04:14+00:00\",\"dateModified\":\"2024-04-09T14:05:58+00:00\",\"description\":\"Die RAL G\u00fctegemeinschaft Substrate f\u00fcr Pflanzen e.V. garantiert einheitliche, saisonunabh\u00e4ngige und qualitativ hochwertige Substrate. Qualit\u00e4t ...\",\"breadcrumb\":{\"@id\":\"https:\\\/\\\/www.substrate-ev.org\\\/en\\\/criteria\\\/growing-media\\\/#breadcrumb\"},\"inLanguage\":\"en-US\",\"potentialAction\":[{\"@type\":\"ReadAction\",\"target\":[\"https:\\\/\\\/www.substrate-ev.org\\\/en\\\/criteria\\\/growing-media\\\/\"]}]},{\"@type\":\"ImageObject\",\"inLanguage\":\"en-US\",\"@id\":\"https:\\\/\\\/www.substrate-ev.org\\\/en\\\/criteria\\\/growing-media\\\/#primaryimage\",\"url\":\"https:\\\/\\\/www.substrate-ev.org\\\/wp-content\\\/uploads\\\/2022\\\/11\\\/guetekriterien-fuer-kultursubstrate.jpg\",\"contentUrl\":\"https:\\\/\\\/www.substrate-ev.org\\\/wp-content\\\/uploads\\\/2022\\\/11\\\/guetekriterien-fuer-kultursubstrate.jpg\",\"width\":1276,\"height\":598},{\"@type\":\"BreadcrumbList\",\"@id\":\"https:\\\/\\\/www.substrate-ev.org\\\/en\\\/criteria\\\/growing-media\\\/#breadcrumb\",\"itemListElement\":[{\"@type\":\"ListItem\",\"position\":1,\"name\":\"Criteria\",\"item\":\"https:\\\/\\\/www.substrate-ev.org\\\/en\\\/criteria\\\/\"},{\"@type\":\"ListItem\",\"position\":2,\"name\":\"Growing media\"}]},{\"@type\":\"WebSite\",\"@id\":\"https:\\\/\\\/www.substrate-ev.org\\\/en\\\/#website\",\"url\":\"https:\\\/\\\/www.substrate-ev.org\\\/en\\\/\",\"name\":\"GGS\",\"description\":\"RAL G\u00fctegemeinschaft Substrate f\u00fcr Pflanzen e.V.\",\"potentialAction\":[{\"@type\":\"SearchAction\",\"target\":{\"@type\":\"EntryPoint\",\"urlTemplate\":\"https:\\\/\\\/www.substrate-ev.org\\\/en\\\/?s={search_term_string}\"},\"query-input\":{\"@type\":\"PropertyValueSpecification\",\"valueRequired\":true,\"valueName\":\"search_term_string\"}}],\"inLanguage\":\"en-US\"}]}<\/script>\n<!-- \/ Yoast SEO plugin. -->","yoast_head_json":{"title":"Growing media | GGS","description":"Die RAL G\u00fctegemeinschaft Substrate f\u00fcr Pflanzen e.V. garantiert einheitliche, saisonunabh\u00e4ngige und qualitativ hochwertige Substrate. Qualit\u00e4t ...","robots":{"index":"index","follow":"follow","max-snippet":"max-snippet:-1","max-image-preview":"max-image-preview:large","max-video-preview":"max-video-preview:-1"},"canonical":"https:\/\/www.substrate-ev.org\/en\/criteria\/growing-media\/","og_locale":"en_US","og_type":"article","og_title":"Growing media | GGS","og_description":"Die RAL G\u00fctegemeinschaft Substrate f\u00fcr Pflanzen e.V. garantiert einheitliche, saisonunabh\u00e4ngige und qualitativ hochwertige Substrate. Qualit\u00e4t ...","og_url":"https:\/\/www.substrate-ev.org\/en\/criteria\/growing-media\/","og_site_name":"GGS","article_modified_time":"2024-04-09T14:05:58+00:00","og_image":[{"width":1276,"height":598,"url":"https:\/\/www.substrate-ev.org\/wp-content\/uploads\/2022\/11\/guetekriterien-fuer-kultursubstrate.jpg","type":"image\/jpeg"}],"twitter_card":"summary_large_image","twitter_misc":{"Est. reading time":"2 minutes"},"schema":{"@context":"https:\/\/schema.org","@graph":[{"@type":"WebPage","@id":"https:\/\/www.substrate-ev.org\/en\/criteria\/growing-media\/","url":"https:\/\/www.substrate-ev.org\/en\/criteria\/growing-media\/","name":"Growing media | GGS","isPartOf":{"@id":"https:\/\/www.substrate-ev.org\/en\/#website"},"primaryImageOfPage":{"@id":"https:\/\/www.substrate-ev.org\/en\/criteria\/growing-media\/#primaryimage"},"image":{"@id":"https:\/\/www.substrate-ev.org\/en\/criteria\/growing-media\/#primaryimage"},"thumbnailUrl":"https:\/\/www.substrate-ev.org\/wp-content\/uploads\/2022\/11\/guetekriterien-fuer-kultursubstrate.jpg","datePublished":"2015-12-17T11:04:14+00:00","dateModified":"2024-04-09T14:05:58+00:00","description":"Die RAL G\u00fctegemeinschaft Substrate f\u00fcr Pflanzen e.V. garantiert einheitliche, saisonunabh\u00e4ngige und qualitativ hochwertige Substrate. Qualit\u00e4t ...","breadcrumb":{"@id":"https:\/\/www.substrate-ev.org\/en\/criteria\/growing-media\/#breadcrumb"},"inLanguage":"en-US","potentialAction":[{"@type":"ReadAction","target":["https:\/\/www.substrate-ev.org\/en\/criteria\/growing-media\/"]}]},{"@type":"ImageObject","inLanguage":"en-US","@id":"https:\/\/www.substrate-ev.org\/en\/criteria\/growing-media\/#primaryimage","url":"https:\/\/www.substrate-ev.org\/wp-content\/uploads\/2022\/11\/guetekriterien-fuer-kultursubstrate.jpg","contentUrl":"https:\/\/www.substrate-ev.org\/wp-content\/uploads\/2022\/11\/guetekriterien-fuer-kultursubstrate.jpg","width":1276,"height":598},{"@type":"BreadcrumbList","@id":"https:\/\/www.substrate-ev.org\/en\/criteria\/growing-media\/#breadcrumb","itemListElement":[{"@type":"ListItem","position":1,"name":"Criteria","item":"https:\/\/www.substrate-ev.org\/en\/criteria\/"},{"@type":"ListItem","position":2,"name":"Growing media"}]},{"@type":"WebSite","@id":"https:\/\/www.substrate-ev.org\/en\/#website","url":"https:\/\/www.substrate-ev.org\/en\/","name":"GGS","description":"RAL G\u00fctegemeinschaft Substrate f\u00fcr Pflanzen e.V.","potentialAction":[{"@type":"SearchAction","target":{"@type":"EntryPoint","urlTemplate":"https:\/\/www.substrate-ev.org\/en\/?s={search_term_string}"},"query-input":{"@type":"PropertyValueSpecification","valueRequired":true,"valueName":"search_term_string"}}],"inLanguage":"en-US"}]}},"_links":{"self":[{"href":"https:\/\/www.substrate-ev.org\/en\/wp-json\/wp\/v2\/pages\/10813","targetHints":{"allow":["GET"]}}],"collection":[{"href":"https:\/\/www.substrate-ev.org\/en\/wp-json\/wp\/v2\/pages"}],"about":[{"href":"https:\/\/www.substrate-ev.org\/en\/wp-json\/wp\/v2\/types\/page"}],"author":[{"embeddable":true,"href":"https:\/\/www.substrate-ev.org\/en\/wp-json\/wp\/v2\/users\/2"}],"replies":[{"embeddable":true,"href":"https:\/\/www.substrate-ev.org\/en\/wp-json\/wp\/v2\/comments?post=10813"}],"version-history":[{"count":1,"href":"https:\/\/www.substrate-ev.org\/en\/wp-json\/wp\/v2\/pages\/10813\/revisions"}],"predecessor-version":[{"id":14615,"href":"https:\/\/www.substrate-ev.org\/en\/wp-json\/wp\/v2\/pages\/10813\/revisions\/14615"}],"up":[{"embeddable":true,"href":"https:\/\/www.substrate-ev.org\/en\/wp-json\/wp\/v2\/pages\/11104"}],"wp:featuredmedia":[{"embeddable":true,"href":"https:\/\/www.substrate-ev.org\/en\/wp-json\/wp\/v2\/media\/10676"}],"wp:attachment":[{"href":"https:\/\/www.substrate-ev.org\/en\/wp-json\/wp\/v2\/media?parent=10813"}],"curies":[{"name":"wp","href":"https:\/\/api.w.org\/{rel}","templated":true}]}}